{"id":169,"date":"2023-09-12T13:22:37","date_gmt":"2023-09-12T11:22:37","guid":{"rendered":"http:\/\/olvisz98.hu\/site\/?page_id=169"},"modified":"2025-12-18T13:20:39","modified_gmt":"2025-12-18T12:20:39","slug":"cementezes-es-savazas","status":"publish","type":"page","link":"https:\/\/olvisz98.hu\/site\/cementezes-es-savazas\/","title":{"rendered":"Cementez\u00e9s \u00e9s savaz\u00e1s"},"content":{"rendered":"\t\t<div data-elementor-type=\"wp-page\" data-elementor-id=\"169\" class=\"elementor elementor-169\" data-elementor-post-type=\"page\">\n\t\t\t\t\t\t<section class=\"elementor-section elementor-top-section elementor-element elementor-element-edb20fd elementor-section-boxed elementor-section-height-default elementor-section-height-default\" data-id=\"edb20fd\" data-element_type=\"section\">\n\t\t\t\t\t\t<div class=\"elementor-container elementor-column-gap-default\">\n\t\t\t\t\t<div class=\"elementor-column elementor-col-50 elementor-top-column elementor-element elementor-element-6018511\" data-id=\"6018511\" data-element_type=\"column\">\n\t\t\t<div class=\"elementor-widget-wrap elementor-element-populated\">\n\t\t\t\t\t\t<div class=\"elementor-element elementor-element-08a42c3 elementor-widget elementor-widget-text-editor\" data-id=\"08a42c3\" data-element_type=\"widget\" data-widget_type=\"text-editor.default\">\n\t\t\t\t<div class=\"elementor-widget-container\">\n\t\t\t\t\t\t\t\t\t<p>A cementez\u00e9s alapvet\u0151 m\u0171velet a f\u00far\u00e1si folyamatok sor\u00e1n, hiszen biztos\u00edtja a f\u00far\u00f3lyuk stabilit\u00e1s\u00e1t, a v\u00edzz\u00e1r\u00f3s\u00e1got \u00e9s a megfelel\u0151 csatlakoz\u00e1st a k\u00fcl\u00f6nb\u00f6z\u0151 r\u00e9tegekhez.<\/p><p>A szolg\u00e1ltat\u00e1saink magukban foglalj\u00e1k a megfelel\u0151 cementkever\u00e9kek \u00e9s alkalmaz\u00e1si technik\u00e1k haszn\u00e1lat\u00e1t a f\u00far\u00e1si folyamatok minden szakasz\u00e1ban.<\/p><p>A savaz\u00e1si m\u0171veletek, amelyek szint\u00e9n kulcsfontoss\u00e1g\u00faak a kitermel\u00e9s optimaliz\u00e1l\u00e1s\u00e1ban, seg\u00edtenek a k\u0151zetr\u00e9tegek \u00e1raml\u00e1si tulajdons\u00e1gainak jav\u00edt\u00e1s\u00e1ban, ez\u00e1ltal n\u00f6velve a termel\u00e9si hozamot.<\/p><p>Szolg\u00e1ltat\u00e1saink a legmodernebb savaz\u00e1si technol\u00f3gi\u00e1k alkalmaz\u00e1s\u00e1val biztos\u00edtj\u00e1k a maxim\u00e1lis hat\u00e9konys\u00e1got \u00e9s a k\u00f6rnyezetv\u00e9delmi el\u0151\u00edr\u00e1sok betart\u00e1s\u00e1t.<\/p>\t\t\t\t\t\t\t\t<\/div>\n\t\t\t\t<\/div>\n\t\t\t\t\t<\/div>\n\t\t<\/div>\n\t\t\t\t<div class=\"elementor-column elementor-col-50 elementor-top-column elementor-element elementor-element-92168a1\" data-id=\"92168a1\" data-element_type=\"column\">\n\t\t\t<div class=\"elementor-widget-wrap elementor-element-populated\">\n\t\t\t\t\t\t<div class=\"elementor-element elementor-element-4311517 elementor-align-center elementor-hidden-desktop elementor-hidden-tablet elementor-widget elementor-widget-button\" data-id=\"4311517\" data-element_type=\"widget\" data-widget_type=\"button.default\">\n\t\t\t\t<div class=\"elementor-widget-container\">\n\t\t\t\t\t\t\t\t\t<div class=\"elementor-button-wrapper\">\n\t\t\t\t\t<a class=\"elementor-button elementor-button-link elementor-size-sm\" href=\"https:\/\/olvisz98.hu\/site\/wp-content\/uploads\/2025\/06\/cement13.jpg\" data-elementor-lightbox-slideshow=\"da1cde2\">\n\t\t\t\t\t\t<span class=\"elementor-button-content-wrapper\">\n\t\t\t\t\t\t\t\t\t<span class=\"elementor-button-text\">Gal\u00e9ria megnyit\u00e1sa<\/span>\n\t\t\t\t\t<\/span>\n\t\t\t\t\t<\/a>\n\t\t\t\t<\/div>\n\t\t\t\t\t\t\t\t<\/div>\n\t\t\t\t<\/div>\n\t\t\t\t<div class=\"elementor-element elementor-element-da1cde2 gallery-spacing-custom elementor-hidden-mobile elementor-invisible elementor-widget elementor-widget-image-gallery\" data-id=\"da1cde2\" data-element_type=\"widget\" data-settings=\"{&quot;_animation&quot;:&quot;fadeIn&quot;}\" data-widget_type=\"image-gallery.default\">\n\t\t\t\t<div class=\"elementor-widget-container\">\n\t\t\t\t\t\t\t<div class=\"elementor-image-gallery\">\n\t\t\t<div id='gallery-1' class='gallery galleryid-169 gallery-columns-4 gallery-size-thumbnail'><figure class='gallery-item'>\n\t\t\t<div class='gallery-icon landscape'>\n\t\t\t\t<a data-elementor-open-lightbox=\"yes\" data-elementor-lightbox-slideshow=\"da1cde2\" data-e-action-hash=\"#elementor-action%3Aaction%3Dlightbox%26settings%3DeyJpZCI6MTE3NSwidXJsIjoiaHR0cHM6XC9cL29sdmlzejk4Lmh1XC9zaXRlXC93cC1jb250ZW50XC91cGxvYWRzXC8yMDI1XC8wNlwvY2VtZW50MTMuanBnIiwic2xpZGVzaG93IjoiZGExY2RlMiJ9\" href='https:\/\/olvisz98.hu\/site\/wp-content\/uploads\/2025\/06\/cement13.jpg'><img decoding=\"async\" width=\"150\" height=\"150\" src=\"https:\/\/olvisz98.hu\/site\/wp-content\/uploads\/2025\/06\/cement13-150x150.jpg\" class=\"attachment-thumbnail size-thumbnail\" alt=\"\" \/><\/a>\n\t\t\t<\/div><\/figure><figure class='gallery-item'>\n\t\t\t<div class='gallery-icon landscape'>\n\t\t\t\t<a data-elementor-open-lightbox=\"yes\" data-elementor-lightbox-slideshow=\"da1cde2\" data-e-action-hash=\"#elementor-action%3Aaction%3Dlightbox%26settings%3DeyJpZCI6MTE3NywidXJsIjoiaHR0cHM6XC9cL29sdmlzejk4Lmh1XC9zaXRlXC93cC1jb250ZW50XC91cGxvYWRzXC8yMDI1XC8wNlwvY2VtZW50MTIuanBnIiwic2xpZGVzaG93IjoiZGExY2RlMiJ9\" href='https:\/\/olvisz98.hu\/site\/wp-content\/uploads\/2025\/06\/cement12.jpg'><img decoding=\"async\" width=\"150\" height=\"150\" src=\"https:\/\/olvisz98.hu\/site\/wp-content\/uploads\/2025\/06\/cement12-150x150.jpg\" class=\"attachment-thumbnail size-thumbnail\" alt=\"\" \/><\/a>\n\t\t\t<\/div><\/figure><figure class='gallery-item'>\n\t\t\t<div class='gallery-icon landscape'>\n\t\t\t\t<a data-elementor-open-lightbox=\"yes\" data-elementor-lightbox-slideshow=\"da1cde2\" data-e-action-hash=\"#elementor-action%3Aaction%3Dlightbox%26settings%3DeyJpZCI6OTcyLCJ1cmwiOiJodHRwczpcL1wvb2x2aXN6OTguaHVcL3NpdGVcL3dwLWNvbnRlbnRcL3VwbG9hZHNcLzIwMjVcLzA0XC9JTUdfOTI2NC5qcGciLCJzbGlkZXNob3ciOiJkYTFjZGUyIn0%3D\" href='https:\/\/olvisz98.hu\/site\/wp-content\/uploads\/2025\/04\/IMG_9264.jpg'><img decoding=\"async\" width=\"150\" height=\"150\" src=\"https:\/\/olvisz98.hu\/site\/wp-content\/uploads\/2025\/04\/IMG_9264-150x150.jpg\" class=\"attachment-thumbnail size-thumbnail\" alt=\"\" \/><\/a>\n\t\t\t<\/div><\/figure><figure class='gallery-item'>\n\t\t\t<div class='gallery-icon landscape'>\n\t\t\t\t<a data-elementor-open-lightbox=\"yes\" data-elementor-lightbox-slideshow=\"da1cde2\" data-e-action-hash=\"#elementor-action%3Aaction%3Dlightbox%26settings%3DeyJpZCI6Mjc2LCJ1cmwiOiJodHRwczpcL1wvb2x2aXN6OTguaHVcL3NpdGVcL3dwLWNvbnRlbnRcL3VwbG9hZHNcLzIwMjNcLzA5XC8xMS1zY2FsZWQuanBnIiwic2xpZGVzaG93IjoiZGExY2RlMiJ9\" href='https:\/\/olvisz98.hu\/site\/wp-content\/uploads\/2023\/09\/11-scaled.jpg'><img loading=\"lazy\" decoding=\"async\" width=\"150\" height=\"150\" src=\"https:\/\/olvisz98.hu\/site\/wp-content\/uploads\/2023\/09\/11-150x150.jpg\" class=\"attachment-thumbnail size-thumbnail\" alt=\"\" aria-describedby=\"gallery-1-276\" \/><\/a>\n\t\t\t<\/div>\n\t\t\t\t<figcaption class='wp-caption-text gallery-caption' id='gallery-1-276'>\n\t\t\t\tDOWEL PG-05\n\t\t\t\t<\/figcaption><\/figure><figure class='gallery-item'>\n\t\t\t<div class='gallery-icon landscape'>\n\t\t\t\t<a data-elementor-open-lightbox=\"yes\" data-elementor-lightbox-slideshow=\"da1cde2\" data-e-action-hash=\"#elementor-action%3Aaction%3Dlightbox%26settings%3DeyJpZCI6Mjc0LCJ1cmwiOiJodHRwczpcL1wvb2x2aXN6OTguaHVcL3NpdGVcL3dwLWNvbnRlbnRcL3VwbG9hZHNcLzIwMjNcLzA5XC8xMi5qcGciLCJzbGlkZXNob3ciOiJkYTFjZGUyIn0%3D\" href='https:\/\/olvisz98.hu\/site\/wp-content\/uploads\/2023\/09\/12.jpg'><img loading=\"lazy\" decoding=\"async\" width=\"150\" height=\"150\" src=\"https:\/\/olvisz98.hu\/site\/wp-content\/uploads\/2023\/09\/12-150x150.jpg\" class=\"attachment-thumbnail size-thumbnail\" alt=\"\" aria-describedby=\"gallery-1-274\" \/><\/a>\n\t\t\t<\/div>\n\t\t\t\t<figcaption class='wp-caption-text gallery-caption' id='gallery-1-274'>\n\t\t\t\tCementing\n\t\t\t\t<\/figcaption><\/figure><figure class='gallery-item'>\n\t\t\t<div class='gallery-icon landscape'>\n\t\t\t\t<a data-elementor-open-lightbox=\"yes\" data-elementor-lightbox-slideshow=\"da1cde2\" data-e-action-hash=\"#elementor-action%3Aaction%3Dlightbox%26settings%3DeyJpZCI6MTA0NywidXJsIjoiaHR0cHM6XC9cL29sdmlzejk4Lmh1XC9zaXRlXC93cC1jb250ZW50XC91cGxvYWRzXC8yMDI1XC8wNlwvYWNpZDIuanBnIiwic2xpZGVzaG93IjoiZGExY2RlMiJ9\" href='https:\/\/olvisz98.hu\/site\/wp-content\/uploads\/2025\/06\/acid2.jpg'><img loading=\"lazy\" decoding=\"async\" width=\"150\" height=\"150\" src=\"https:\/\/olvisz98.hu\/site\/wp-content\/uploads\/2025\/06\/acid2-150x150.jpg\" class=\"attachment-thumbnail size-thumbnail\" alt=\"\" \/><\/a>\n\t\t\t<\/div><\/figure><figure class='gallery-item'>\n\t\t\t<div class='gallery-icon landscape'>\n\t\t\t\t<a data-elementor-open-lightbox=\"yes\" data-elementor-lightbox-slideshow=\"da1cde2\" data-e-action-hash=\"#elementor-action%3Aaction%3Dlightbox%26settings%3DeyJpZCI6MTA0MywidXJsIjoiaHR0cHM6XC9cL29sdmlzejk4Lmh1XC9zaXRlXC93cC1jb250ZW50XC91cGxvYWRzXC8yMDI1XC8wNlwvY2VtZW50MS5qcGciLCJzbGlkZXNob3ciOiJkYTFjZGUyIn0%3D\" href='https:\/\/olvisz98.hu\/site\/wp-content\/uploads\/2025\/06\/cement1.jpg'><img loading=\"lazy\" decoding=\"async\" width=\"150\" height=\"150\" src=\"https:\/\/olvisz98.hu\/site\/wp-content\/uploads\/2025\/06\/cement1-150x150.jpg\" class=\"attachment-thumbnail size-thumbnail\" alt=\"\" \/><\/a>\n\t\t\t<\/div><\/figure><figure class='gallery-item'>\n\t\t\t<div class='gallery-icon landscape'>\n\t\t\t\t<a data-elementor-open-lightbox=\"yes\" data-elementor-lightbox-slideshow=\"da1cde2\" data-e-action-hash=\"#elementor-action%3Aaction%3Dlightbox%26settings%3DeyJpZCI6MTA0NCwidXJsIjoiaHR0cHM6XC9cL29sdmlzejk4Lmh1XC9zaXRlXC93cC1jb250ZW50XC91cGxvYWRzXC8yMDI1XC8wNlwvY2VtZW50Mi5qcGciLCJzbGlkZXNob3ciOiJkYTFjZGUyIn0%3D\" href='https:\/\/olvisz98.hu\/site\/wp-content\/uploads\/2025\/06\/cement2.jpg'><img loading=\"lazy\" decoding=\"async\" width=\"150\" height=\"150\" src=\"https:\/\/olvisz98.hu\/site\/wp-content\/uploads\/2025\/06\/cement2-150x150.jpg\" class=\"attachment-thumbnail size-thumbnail\" alt=\"\" \/><\/a>\n\t\t\t<\/div><\/figure><figure class='gallery-item'>\n\t\t\t<div class='gallery-icon landscape'>\n\t\t\t\t<a data-elementor-open-lightbox=\"yes\" data-elementor-lightbox-slideshow=\"da1cde2\" data-e-action-hash=\"#elementor-action%3Aaction%3Dlightbox%26settings%3DeyJpZCI6MTA0NSwidXJsIjoiaHR0cHM6XC9cL29sdmlzejk4Lmh1XC9zaXRlXC93cC1jb250ZW50XC91cGxvYWRzXC8yMDI1XC8wNlwvY2VtZW50MTEuanBnIiwic2xpZGVzaG93IjoiZGExY2RlMiJ9\" href='https:\/\/olvisz98.hu\/site\/wp-content\/uploads\/2025\/06\/cement11.jpg'><img loading=\"lazy\" decoding=\"async\" width=\"150\" height=\"150\" src=\"https:\/\/olvisz98.hu\/site\/wp-content\/uploads\/2025\/06\/cement11-150x150.jpg\" class=\"attachment-thumbnail size-thumbnail\" alt=\"\" \/><\/a>\n\t\t\t<\/div><\/figure><figure class='gallery-item'>\n\t\t\t<div class='gallery-icon landscape'>\n\t\t\t\t<a data-elementor-open-lightbox=\"yes\" data-elementor-lightbox-slideshow=\"da1cde2\" data-e-action-hash=\"#elementor-action%3Aaction%3Dlightbox%26settings%3DeyJpZCI6MTA0NiwidXJsIjoiaHR0cHM6XC9cL29sdmlzejk4Lmh1XC9zaXRlXC93cC1jb250ZW50XC91cGxvYWRzXC8yMDI1XC8wNlwvYWNpZC5qcGciLCJzbGlkZXNob3ciOiJkYTFjZGUyIn0%3D\" href='https:\/\/olvisz98.hu\/site\/wp-content\/uploads\/2025\/06\/acid.jpg'><img loading=\"lazy\" decoding=\"async\" width=\"150\" height=\"150\" src=\"https:\/\/olvisz98.hu\/site\/wp-content\/uploads\/2025\/06\/acid-150x150.jpg\" class=\"attachment-thumbnail size-thumbnail\" alt=\"\" \/><\/a>\n\t\t\t<\/div><\/figure><figure class='gallery-item'>\n\t\t\t<div class='gallery-icon landscape'>\n\t\t\t\t<a data-elementor-open-lightbox=\"yes\" data-elementor-lightbox-slideshow=\"da1cde2\" data-e-action-hash=\"#elementor-action%3Aaction%3Dlightbox%26settings%3DeyJpZCI6MTA0OSwidXJsIjoiaHR0cHM6XC9cL29sdmlzejk4Lmh1XC9zaXRlXC93cC1jb250ZW50XC91cGxvYWRzXC8yMDI1XC8wNlwvY2VtZW50Ny5qcGciLCJzbGlkZXNob3ciOiJkYTFjZGUyIn0%3D\" href='https:\/\/olvisz98.hu\/site\/wp-content\/uploads\/2025\/06\/cement7.jpg'><img loading=\"lazy\" decoding=\"async\" width=\"150\" height=\"150\" src=\"https:\/\/olvisz98.hu\/site\/wp-content\/uploads\/2025\/06\/cement7-150x150.jpg\" class=\"attachment-thumbnail size-thumbnail\" alt=\"\" \/><\/a>\n\t\t\t<\/div><\/figure><figure class='gallery-item'>\n\t\t\t<div class='gallery-icon landscape'>\n\t\t\t\t<a data-elementor-open-lightbox=\"yes\" data-elementor-lightbox-slideshow=\"da1cde2\" data-e-action-hash=\"#elementor-action%3Aaction%3Dlightbox%26settings%3DeyJpZCI6MTA1MCwidXJsIjoiaHR0cHM6XC9cL29sdmlzejk4Lmh1XC9zaXRlXC93cC1jb250ZW50XC91cGxvYWRzXC8yMDI1XC8wNlwvY2VtZW50OC5qcGciLCJzbGlkZXNob3ciOiJkYTFjZGUyIn0%3D\" href='https:\/\/olvisz98.hu\/site\/wp-content\/uploads\/2025\/06\/cement8.jpg'><img loading=\"lazy\" decoding=\"async\" width=\"150\" height=\"150\" src=\"https:\/\/olvisz98.hu\/site\/wp-content\/uploads\/2025\/06\/cement8-150x150.jpg\" class=\"attachment-thumbnail size-thumbnail\" alt=\"\" \/><\/a>\n\t\t\t<\/div><\/figure><figure class='gallery-item'>\n\t\t\t<div class='gallery-icon landscape'>\n\t\t\t\t<a data-elementor-open-lightbox=\"yes\" data-elementor-lightbox-slideshow=\"da1cde2\" data-e-action-hash=\"#elementor-action%3Aaction%3Dlightbox%26settings%3DeyJpZCI6MTA1MSwidXJsIjoiaHR0cHM6XC9cL29sdmlzejk4Lmh1XC9zaXRlXC93cC1jb250ZW50XC91cGxvYWRzXC8yMDI1XC8wNlwvY29udGFpbmVyMi5qcGciLCJzbGlkZXNob3ciOiJkYTFjZGUyIn0%3D\" href='https:\/\/olvisz98.hu\/site\/wp-content\/uploads\/2025\/06\/container2.jpg'><img loading=\"lazy\" decoding=\"async\" width=\"150\" height=\"150\" src=\"https:\/\/olvisz98.hu\/site\/wp-content\/uploads\/2025\/06\/container2-150x150.jpg\" class=\"attachment-thumbnail size-thumbnail\" alt=\"\" \/><\/a>\n\t\t\t<\/div><\/figure><figure class='gallery-item'>\n\t\t\t<div class='gallery-icon landscape'>\n\t\t\t\t<a data-elementor-open-lightbox=\"yes\" data-elementor-lightbox-slideshow=\"da1cde2\" data-e-action-hash=\"#elementor-action%3Aaction%3Dlightbox%26settings%3DeyJpZCI6MTE3NCwidXJsIjoiaHR0cHM6XC9cL29sdmlzejk4Lmh1XC9zaXRlXC93cC1jb250ZW50XC91cGxvYWRzXC8yMDI1XC8wNlwvYWNpZDMuanBnIiwic2xpZGVzaG93IjoiZGExY2RlMiJ9\" href='https:\/\/olvisz98.hu\/site\/wp-content\/uploads\/2025\/06\/acid3.jpg'><img loading=\"lazy\" decoding=\"async\" width=\"150\" height=\"150\" src=\"https:\/\/olvisz98.hu\/site\/wp-content\/uploads\/2025\/06\/acid3-150x150.jpg\" class=\"attachment-thumbnail size-thumbnail\" alt=\"\" \/><\/a>\n\t\t\t<\/div><\/figure><figure class='gallery-item'>\n\t\t\t<div class='gallery-icon landscape'>\n\t\t\t\t<a data-elementor-open-lightbox=\"yes\" data-elementor-lightbox-slideshow=\"da1cde2\" data-e-action-hash=\"#elementor-action%3Aaction%3Dlightbox%26settings%3DeyJpZCI6MTE3NiwidXJsIjoiaHR0cHM6XC9cL29sdmlzejk4Lmh1XC9zaXRlXC93cC1jb250ZW50XC91cGxvYWRzXC8yMDI1XC8wNlwvbXVkQ29vbGVyLmpwZyIsInNsaWRlc2hvdyI6ImRhMWNkZTIifQ%3D%3D\" href='https:\/\/olvisz98.hu\/site\/wp-content\/uploads\/2025\/06\/mudCooler.jpg'><img loading=\"lazy\" decoding=\"async\" width=\"150\" height=\"150\" src=\"https:\/\/olvisz98.hu\/site\/wp-content\/uploads\/2025\/06\/mudCooler-150x150.jpg\" class=\"attachment-thumbnail size-thumbnail\" alt=\"\" \/><\/a>\n\t\t\t<\/div><\/figure>\n\t\t<\/div>\n\t\t<\/div>\n\t\t\t\t\t\t<\/div>\n\t\t\t\t<\/div>\n\t\t\t\t\t<\/div>\n\t\t<\/div>\n\t\t\t\t\t<\/div>\n\t\t<\/section>\n\t\t\t\t<section class=\"elementor-section elementor-top-section elementor-element elementor-element-e770964 elementor-section-full_width elementor-section-height-default elementor-section-height-default\" data-id=\"e770964\" data-element_type=\"section\">\n\t\t\t\t\t\t<div class=\"elementor-container elementor-column-gap-default\">\n\t\t\t\t\t<div class=\"elementor-column elementor-col-100 elementor-top-column elementor-element elementor-element-488bf9d\" data-id=\"488bf9d\" data-element_type=\"column\">\n\t\t\t<div class=\"elementor-widget-wrap elementor-element-populated\">\n\t\t\t\t\t\t<div class=\"elementor-element elementor-element-f0bdc7d elementor-arrows-position-inside elementor-pagination-position-outside elementor-widget elementor-widget-image-carousel\" data-id=\"f0bdc7d\" data-element_type=\"widget\" data-settings=\"{&quot;slides_to_show&quot;:&quot;1&quot;,&quot;autoplay_speed&quot;:3000,&quot;navigation&quot;:&quot;both&quot;,&quot;autoplay&quot;:&quot;yes&quot;,&quot;pause_on_hover&quot;:&quot;yes&quot;,&quot;pause_on_interaction&quot;:&quot;yes&quot;,&quot;infinite&quot;:&quot;yes&quot;,&quot;effect&quot;:&quot;slide&quot;,&quot;speed&quot;:500}\" data-widget_type=\"image-carousel.default\">\n\t\t\t\t<div class=\"elementor-widget-container\">\n\t\t\t\t\t\t\t<div class=\"elementor-image-carousel-wrapper swiper\" role=\"region\" aria-roledescription=\"carousel\" aria-label=\"Image Carousel\" dir=\"ltr\">\n\t\t\t<div class=\"elementor-image-carousel swiper-wrapper\" aria-live=\"off\">\n\t\t\t\t\t\t\t\t<div class=\"swiper-slide\" role=\"group\" aria-roledescription=\"slide\" aria-label=\"1 \/ 2\"><figure class=\"swiper-slide-inner\"><img decoding=\"async\" class=\"swiper-slide-image\" src=\"https:\/\/olvisz98.hu\/site\/wp-content\/uploads\/2025\/11\/20250808_141701-scaled.jpg\" alt=\"20250808_141701\" \/><\/figure><\/div><div class=\"swiper-slide\" role=\"group\" aria-roledescription=\"slide\" aria-label=\"2 \/ 2\"><figure class=\"swiper-slide-inner\"><img decoding=\"async\" class=\"swiper-slide-image\" src=\"https:\/\/olvisz98.hu\/site\/wp-content\/uploads\/2025\/11\/IMG-20251125-WA0001.jpg\" alt=\"IMG-20251125-WA0001\" \/><\/figure><\/div>\t\t\t<\/div>\n\t\t\t\t\t\t\t\t\t\t\t\t<div class=\"elementor-swiper-button elementor-swiper-button-prev\" role=\"button\" tabindex=\"0\">\n\t\t\t\t\t\t<i aria-hidden=\"true\" class=\"eicon-chevron-left\"><\/i>\t\t\t\t\t<\/div>\n\t\t\t\t\t<div class=\"elementor-swiper-button elementor-swiper-button-next\" role=\"button\" tabindex=\"0\">\n\t\t\t\t\t\t<i aria-hidden=\"true\" class=\"eicon-chevron-right\"><\/i>\t\t\t\t\t<\/div>\n\t\t\t\t\n\t\t\t\t\t\t\t\t\t<div class=\"swiper-pagination\"><\/div>\n\t\t\t\t\t\t\t\t\t<\/div>\n\t\t\t\t\t\t<\/div>\n\t\t\t\t<\/div>\n\t\t\t\t\t<\/div>\n\t\t<\/div>\n\t\t\t\t\t<\/div>\n\t\t<\/section>\n\t\t\t\t<\/div>\n\t\t","protected":false},"excerpt":{"rendered":"<p>A cementez\u00e9s alapvet\u0151 m\u0171velet a f\u00far\u00e1si folyamatok sor\u00e1n, hiszen biztos\u00edtja a f\u00far\u00f3lyuk stabilit\u00e1s\u00e1t, a v\u00edzz\u00e1r\u00f3s\u00e1got \u00e9s a megfelel\u0151 csatlakoz\u00e1st a k\u00fcl\u00f6nb\u00f6z\u0151 r\u00e9tegekhez. A szolg\u00e1ltat\u00e1saink magukban foglalj\u00e1k a megfelel\u0151 cementkever\u00e9kek \u00e9s alkalmaz\u00e1si technik\u00e1k haszn\u00e1lat\u00e1t a f\u00far\u00e1si folyamatok minden szakasz\u00e1ban. A savaz\u00e1si m\u0171veletek, amelyek szint\u00e9n kulcsfontoss\u00e1g\u00faak a kitermel\u00e9s optimaliz\u00e1l\u00e1s\u00e1ban, seg\u00edtenek a k\u0151zetr\u00e9tegek \u00e1raml\u00e1si tulajdons\u00e1gainak jav\u00edt\u00e1s\u00e1ban, ez\u00e1ltal n\u00f6velve [&hellip;]<\/p>\n","protected":false},"author":1,"featured_media":0,"parent":0,"menu_order":0,"comment_status":"closed","ping_status":"closed","template":"","meta":{"footnotes":""},"class_list":["post-169","page","type-page","status-publish","hentry"],"_links":{"self":[{"href":"https:\/\/olvisz98.hu\/site\/wp-json\/wp\/v2\/pages\/169","targetHints":{"allow":["GET"]}}],"collection":[{"href":"https:\/\/olvisz98.hu\/site\/wp-json\/wp\/v2\/pages"}],"about":[{"href":"https:\/\/olvisz98.hu\/site\/wp-json\/wp\/v2\/types\/page"}],"author":[{"embeddable":true,"href":"https:\/\/olvisz98.hu\/site\/wp-json\/wp\/v2\/users\/1"}],"replies":[{"embeddable":true,"href":"https:\/\/olvisz98.hu\/site\/wp-json\/wp\/v2\/comments?post=169"}],"version-history":[{"count":97,"href":"https:\/\/olvisz98.hu\/site\/wp-json\/wp\/v2\/pages\/169\/revisions"}],"predecessor-version":[{"id":1344,"href":"https:\/\/olvisz98.hu\/site\/wp-json\/wp\/v2\/pages\/169\/revisions\/1344"}],"wp:attachment":[{"href":"https:\/\/olvisz98.hu\/site\/wp-json\/wp\/v2\/media?parent=169"}],"curies":[{"name":"wp","href":"https:\/\/api.w.org\/{rel}","templated":true}]}}