{"id":189,"date":"2023-09-12T13:26:40","date_gmt":"2023-09-12T11:26:40","guid":{"rendered":"http:\/\/olvisz98.hu\/site\/?page_id=189"},"modified":"2025-06-04T06:18:20","modified_gmt":"2025-06-04T04:18:20","slug":"vitlas-muveletek","status":"publish","type":"page","link":"https:\/\/olvisz98.hu\/site\/vitlas-muveletek\/","title":{"rendered":"Vitl\u00e1s m\u0171veletek"},"content":{"rendered":"\t\t<div data-elementor-type=\"wp-page\" data-elementor-id=\"189\" class=\"elementor elementor-189\" data-elementor-post-type=\"page\">\n\t\t\t\t\t\t<section class=\"elementor-section elementor-top-section elementor-element elementor-element-b516413 elementor-section-boxed elementor-section-height-default elementor-section-height-default\" data-id=\"b516413\" data-element_type=\"section\">\n\t\t\t\t\t\t<div class=\"elementor-container elementor-column-gap-default\">\n\t\t\t\t\t<div class=\"elementor-column elementor-col-50 elementor-top-column elementor-element elementor-element-a3f6d70\" data-id=\"a3f6d70\" data-element_type=\"column\">\n\t\t\t<div class=\"elementor-widget-wrap elementor-element-populated\">\n\t\t\t\t\t\t<div class=\"elementor-element elementor-element-9a6c53c elementor-widget elementor-widget-text-editor\" data-id=\"9a6c53c\" data-element_type=\"widget\" data-widget_type=\"text-editor.default\">\n\t\t\t\t<div class=\"elementor-widget-container\">\n\t\t\t\t\t\t\t\t\t<p>Huzalos \u00e9s k\u00e1beles technol\u00f3gi\u00e1val lehet\u0151s\u00e9g van sz\u00e9nhidrog\u00e9n-, term\u00e1l-, geotermikus- \u00e9s v\u00edzkutakon t\u00f6rt\u00e9n\u0151 szakszer\u0171 \u00e9s biztons\u00e1gos m\u0171veletek v\u00e9gz\u00e9s\u00e9re ak\u00e1r nyom\u00e1s alatti (10.000 psi) \u00e1llapotban, ak\u00e1r nagy m\u00e9lys\u00e9gben (4.000 m).<\/p><p>Speci\u00e1lis szersz\u00e1mokkal felszerelve koll\u00e9g\u00e1ink terepj\u00e1r\u00f3 g\u00e9pkocsikkal, darus, szivatty\u00fas \u00e9s nitrog\u00e9nes egys\u00e9ggel is kieg\u00e9sz\u00edthet\u0151 g\u00e9pekkel v\u00e9geznek k\u00fatmunk\u00e1lati feladatokat.\u00a0<\/p><p>Kutak kik\u00e9pz\u00e9se, vizsg\u00e1lata vagy jav\u00edt\u00e1sa sor\u00e1n k\u00fcl\u00f6nb\u00f6z\u0151 m\u00e9lys\u00e9gi szerelv\u00e9nyeket m\u0171k\u00f6dtetve teszik lehet\u0151v\u00e9 a kivitelez\u00e9sben el\u0151\u00edrt m\u0171veleteket.<\/p><p>Nyom\u00e1s alatti \u00e1llapotban is lehets\u00e9gesek:<\/p><ul><li>r\u00e9tegnyit\u00e1sok\/z\u00e1r\u00e1sok,<\/li><li>szelepek, f\u00fav\u00f3k\u00e1k, dug\u00f3k be\u00e9p\u00edt\u00e9se, visszanyer\u00e9se, cser\u00e9je,<\/li><li>be\u00e9p\u00edtett termel\u0151cs\u00f6vek sablonoz\u00e1sa, tiszt\u00edt\u00e1sa, z\u00e1r\u00e1svizsg\u00e1lata,<\/li><li>k\u00fattalp ellen\u0151rz\u00e9s,<\/li><li>m\u00e9lys\u00e9gi mintav\u00e9tel<\/li><li>folyad\u00e9k n\u00edv\u00f3, meghat\u00e1roz\u00e1sa, be\u00e1ll\u00edt\u00e1sa,<\/li><li>k\u00fat le\u00fcr\u00edt\u00e9se,<\/li><li>inform\u00e1ci\u00f3 szerz\u00e9se \u00e9s szolg\u00e1ltat\u00e1sa a k\u00fat \u00e1llapot\u00e1r\u00f3l,<\/li><li>r\u00e9tegnyom\u00e1s \u00e9s h\u0151m\u00e9rs\u00e9klet m\u00e9r\u00e9se,<\/li><li>k\u00fat kamera be\u00e9p\u00edt\u00e9se,<\/li><li>k\u00fatba esett t\u00e1rgyak kiment\u00e9se,<\/li><li>m\u0171k\u00f6d\u00e9st akad\u00e1lyoz\u00f3 szitu\u00e1ci\u00f3k elh\u00e1r\u00edt\u00e1sa, kutak biztons\u00e1gba helyez\u00e9se.<\/li><\/ul><p>\u00a0<\/p><p>A magas szint\u0171 k\u00e9pzetts\u00e9ggel, t\u00f6bb \u00e9vtizedes szakmai tapasztalattal rendelkez\u0151 oper\u00e1tor g\u00e1rda garancia a feladatok sikeres elv\u00e9gz\u00e9s\u00e9re.<\/p>\t\t\t\t\t\t\t\t<\/div>\n\t\t\t\t<\/div>\n\t\t\t\t\t<\/div>\n\t\t<\/div>\n\t\t\t\t<div class=\"elementor-column elementor-col-50 elementor-top-column elementor-element elementor-element-7b91815\" data-id=\"7b91815\" data-element_type=\"column\">\n\t\t\t<div class=\"elementor-widget-wrap elementor-element-populated\">\n\t\t\t\t\t\t<div class=\"elementor-element elementor-element-afd0438 gallery-spacing-custom elementor-invisible elementor-widget elementor-widget-image-gallery\" data-id=\"afd0438\" data-element_type=\"widget\" data-settings=\"{&quot;_animation&quot;:&quot;fadeIn&quot;}\" data-widget_type=\"image-gallery.default\">\n\t\t\t\t<div class=\"elementor-widget-container\">\n\t\t\t\t\t\t\t<div class=\"elementor-image-gallery\">\n\t\t\t<div id='gallery-1' class='gallery galleryid-189 gallery-columns-4 gallery-size-thumbnail'><figure class='gallery-item'>\n\t\t\t<div class='gallery-icon landscape'>\n\t\t\t\t<a data-elementor-open-lightbox=\"yes\" data-elementor-lightbox-slideshow=\"afd0438\" data-e-action-hash=\"#elementor-action%3Aaction%3Dlightbox%26settings%3DeyJpZCI6MTE5NCwidXJsIjoiaHR0cHM6XC9cL29sdmlzejk4Lmh1XC9zaXRlXC93cC1jb250ZW50XC91cGxvYWRzXC8yMDI1XC8wNlwvSU1HXzk3OTAtc2NhbGVkLmpwZyIsInNsaWRlc2hvdyI6ImFmZDA0MzgifQ%3D%3D\" href='https:\/\/olvisz98.hu\/site\/wp-content\/uploads\/2025\/06\/IMG_9790-scaled.jpg'><img decoding=\"async\" width=\"150\" height=\"150\" src=\"https:\/\/olvisz98.hu\/site\/wp-content\/uploads\/2025\/06\/IMG_9790-150x150.jpg\" class=\"attachment-thumbnail size-thumbnail\" alt=\"\" \/><\/a>\n\t\t\t<\/div><\/figure><figure class='gallery-item'>\n\t\t\t<div class='gallery-icon landscape'>\n\t\t\t\t<a data-elementor-open-lightbox=\"yes\" data-elementor-lightbox-slideshow=\"afd0438\" data-e-action-hash=\"#elementor-action%3Aaction%3Dlightbox%26settings%3DeyJpZCI6OTUwLCJ1cmwiOiJodHRwczpcL1wvb2x2aXN6OTguaHVcL3NpdGVcL3dwLWNvbnRlbnRcL3VwbG9hZHNcLzIwMjVcLzA0XC92aXRsYS5qcGciLCJzbGlkZXNob3ciOiJhZmQwNDM4In0%3D\" href='https:\/\/olvisz98.hu\/site\/wp-content\/uploads\/2025\/04\/vitla.jpg'><img decoding=\"async\" width=\"150\" height=\"150\" src=\"https:\/\/olvisz98.hu\/site\/wp-content\/uploads\/2025\/04\/vitla-150x150.jpg\" class=\"attachment-thumbnail size-thumbnail\" alt=\"\" aria-describedby=\"gallery-1-950\" \/><\/a>\n\t\t\t<\/div>\n\t\t\t\t<figcaption class='wp-caption-text gallery-caption' id='gallery-1-950'>\n\t\t\t\tSlickline unit\n\t\t\t\t<\/figcaption><\/figure><figure class='gallery-item'>\n\t\t\t<div class='gallery-icon landscape'>\n\t\t\t\t<a data-elementor-open-lightbox=\"yes\" data-elementor-lightbox-slideshow=\"afd0438\" data-e-action-hash=\"#elementor-action%3Aaction%3Dlightbox%26settings%3DeyJpZCI6MTE5MywidXJsIjoiaHR0cHM6XC9cL29sdmlzejk4Lmh1XC9zaXRlXC93cC1jb250ZW50XC91cGxvYWRzXC8yMDI1XC8wNlwvSU1HXzk3NjFfMS1mLXNjYWxlZC5qcGciLCJzbGlkZXNob3ciOiJhZmQwNDM4In0%3D\" href='https:\/\/olvisz98.hu\/site\/wp-content\/uploads\/2025\/06\/IMG_9761_1-f-scaled.jpg'><img decoding=\"async\" width=\"150\" height=\"150\" src=\"https:\/\/olvisz98.hu\/site\/wp-content\/uploads\/2025\/06\/IMG_9761_1-f-150x150.jpg\" class=\"attachment-thumbnail size-thumbnail\" alt=\"\" \/><\/a>\n\t\t\t<\/div><\/figure><figure class='gallery-item'>\n\t\t\t<div class='gallery-icon landscape'>\n\t\t\t\t<a data-elementor-open-lightbox=\"yes\" data-elementor-lightbox-slideshow=\"afd0438\" data-e-action-hash=\"#elementor-action%3Aaction%3Dlightbox%26settings%3DeyJpZCI6MTA3NiwidXJsIjoiaHR0cHM6XC9cL29sdmlzejk4Lmh1XC9zaXRlXC93cC1jb250ZW50XC91cGxvYWRzXC8yMDI1XC8wNlwvdml0bGEyLXNjYWxlZC5qcGciLCJzbGlkZXNob3ciOiJhZmQwNDM4In0%3D\" href='https:\/\/olvisz98.hu\/site\/wp-content\/uploads\/2025\/06\/vitla2-scaled.jpg'><img loading=\"lazy\" decoding=\"async\" width=\"150\" height=\"150\" src=\"https:\/\/olvisz98.hu\/site\/wp-content\/uploads\/2025\/06\/vitla2-150x150.jpg\" class=\"attachment-thumbnail size-thumbnail\" alt=\"\" \/><\/a>\n\t\t\t<\/div><\/figure><figure class='gallery-item'>\n\t\t\t<div class='gallery-icon landscape'>\n\t\t\t\t<a data-elementor-open-lightbox=\"yes\" data-elementor-lightbox-slideshow=\"afd0438\" data-e-action-hash=\"#elementor-action%3Aaction%3Dlightbox%26settings%3DeyJpZCI6MTA3NywidXJsIjoiaHR0cHM6XC9cL29sdmlzejk4Lmh1XC9zaXRlXC93cC1jb250ZW50XC91cGxvYWRzXC8yMDI1XC8wNlwvdml0bGEzLmpwZyIsInNsaWRlc2hvdyI6ImFmZDA0MzgifQ%3D%3D\" href='https:\/\/olvisz98.hu\/site\/wp-content\/uploads\/2025\/06\/vitla3.jpg'><img loading=\"lazy\" decoding=\"async\" width=\"150\" height=\"150\" src=\"https:\/\/olvisz98.hu\/site\/wp-content\/uploads\/2025\/06\/vitla3-150x150.jpg\" class=\"attachment-thumbnail size-thumbnail\" alt=\"\" \/><\/a>\n\t\t\t<\/div><\/figure><figure class='gallery-item'>\n\t\t\t<div class='gallery-icon landscape'>\n\t\t\t\t<a data-elementor-open-lightbox=\"yes\" data-elementor-lightbox-slideshow=\"afd0438\" data-e-action-hash=\"#elementor-action%3Aaction%3Dlightbox%26settings%3DeyJpZCI6MTE5NywidXJsIjoiaHR0cHM6XC9cL29sdmlzejk4Lmh1XC9zaXRlXC93cC1jb250ZW50XC91cGxvYWRzXC8yMDI1XC8wNlwvREpJXzAzMDAtc2NhbGVkLmpwZyIsInNsaWRlc2hvdyI6ImFmZDA0MzgifQ%3D%3D\" href='https:\/\/olvisz98.hu\/site\/wp-content\/uploads\/2025\/06\/DJI_0300-scaled.jpg'><img loading=\"lazy\" decoding=\"async\" width=\"150\" height=\"150\" src=\"https:\/\/olvisz98.hu\/site\/wp-content\/uploads\/2025\/06\/DJI_0300-150x150.jpg\" class=\"attachment-thumbnail size-thumbnail\" alt=\"\" \/><\/a>\n\t\t\t<\/div><\/figure><figure class='gallery-item'>\n\t\t\t<div class='gallery-icon landscape'>\n\t\t\t\t<a data-elementor-open-lightbox=\"yes\" data-elementor-lightbox-slideshow=\"afd0438\" data-e-action-hash=\"#elementor-action%3Aaction%3Dlightbox%26settings%3DeyJpZCI6MTE5NiwidXJsIjoiaHR0cHM6XC9cL29sdmlzejk4Lmh1XC9zaXRlXC93cC1jb250ZW50XC91cGxvYWRzXC8yMDI1XC8wNlwvREpJXzAyODMtc2NhbGVkLmpwZyIsInNsaWRlc2hvdyI6ImFmZDA0MzgifQ%3D%3D\" href='https:\/\/olvisz98.hu\/site\/wp-content\/uploads\/2025\/06\/DJI_0283-scaled.jpg'><img loading=\"lazy\" decoding=\"async\" width=\"150\" height=\"150\" src=\"https:\/\/olvisz98.hu\/site\/wp-content\/uploads\/2025\/06\/DJI_0283-150x150.jpg\" class=\"attachment-thumbnail size-thumbnail\" alt=\"\" \/><\/a>\n\t\t\t<\/div><\/figure><figure class='gallery-item'>\n\t\t\t<div class='gallery-icon landscape'>\n\t\t\t\t<a data-elementor-open-lightbox=\"yes\" data-elementor-lightbox-slideshow=\"afd0438\" data-e-action-hash=\"#elementor-action%3Aaction%3Dlightbox%26settings%3DeyJpZCI6MTAzLCJ1cmwiOiJodHRwczpcL1wvb2x2aXN6OTguaHVcL3NpdGVcL3dwLWNvbnRlbnRcL3VwbG9hZHNcLzIwMjNcLzA5XC9WaXRsYTEtc2NhbGVkLmpwZyIsInNsaWRlc2hvdyI6ImFmZDA0MzgifQ%3D%3D\" href='https:\/\/olvisz98.hu\/site\/wp-content\/uploads\/2023\/09\/Vitla1-scaled.jpg'><img loading=\"lazy\" decoding=\"async\" width=\"150\" height=\"150\" src=\"https:\/\/olvisz98.hu\/site\/wp-content\/uploads\/2023\/09\/Vitla1-150x150.jpg\" class=\"attachment-thumbnail size-thumbnail\" alt=\"\" aria-describedby=\"gallery-1-103\" \/><\/a>\n\t\t\t<\/div>\n\t\t\t\t<figcaption class='wp-caption-text gallery-caption' id='gallery-1-103'>\n\t\t\t\tSlickline field\n\t\t\t\t<\/figcaption><\/figure>\n\t\t<\/div>\n\t\t<\/div>\n\t\t\t\t\t\t<\/div>\n\t\t\t\t<\/div>\n\t\t\t\t\t<\/div>\n\t\t<\/div>\n\t\t\t\t\t<\/div>\n\t\t<\/section>\n\t\t\t\t<\/div>\n\t\t","protected":false},"excerpt":{"rendered":"<p>Huzalos \u00e9s k\u00e1beles technol\u00f3gi\u00e1val lehet\u0151s\u00e9g van sz\u00e9nhidrog\u00e9n-, term\u00e1l-, geotermikus- \u00e9s v\u00edzkutakon t\u00f6rt\u00e9n\u0151 szakszer\u0171 \u00e9s biztons\u00e1gos m\u0171veletek v\u00e9gz\u00e9s\u00e9re ak\u00e1r nyom\u00e1s alatti (10.000 psi) \u00e1llapotban, ak\u00e1r nagy m\u00e9lys\u00e9gben (4.000 m). Speci\u00e1lis szersz\u00e1mokkal felszerelve koll\u00e9g\u00e1ink terepj\u00e1r\u00f3 g\u00e9pkocsikkal, darus, szivatty\u00fas \u00e9s nitrog\u00e9nes egys\u00e9ggel is kieg\u00e9sz\u00edthet\u0151 g\u00e9pekkel v\u00e9geznek k\u00fatmunk\u00e1lati feladatokat.\u00a0 Kutak kik\u00e9pz\u00e9se, vizsg\u00e1lata vagy jav\u00edt\u00e1sa sor\u00e1n k\u00fcl\u00f6nb\u00f6z\u0151 m\u00e9lys\u00e9gi szerelv\u00e9nyeket m\u0171k\u00f6dtetve [&hellip;]<\/p>\n","protected":false},"author":1,"featured_media":0,"parent":0,"menu_order":0,"comment_status":"closed","ping_status":"closed","template":"","meta":{"footnotes":""},"class_list":["post-189","page","type-page","status-publish","hentry"],"_links":{"self":[{"href":"https:\/\/olvisz98.hu\/site\/wp-json\/wp\/v2\/pages\/189","targetHints":{"allow":["GET"]}}],"collection":[{"href":"https:\/\/olvisz98.hu\/site\/wp-json\/wp\/v2\/pages"}],"about":[{"href":"https:\/\/olvisz98.hu\/site\/wp-json\/wp\/v2\/types\/page"}],"author":[{"embeddable":true,"href":"https:\/\/olvisz98.hu\/site\/wp-json\/wp\/v2\/users\/1"}],"replies":[{"embeddable":true,"href":"https:\/\/olvisz98.hu\/site\/wp-json\/wp\/v2\/comments?post=189"}],"version-history":[{"count":28,"href":"https:\/\/olvisz98.hu\/site\/wp-json\/wp\/v2\/pages\/189\/revisions"}],"predecessor-version":[{"id":1211,"href":"https:\/\/olvisz98.hu\/site\/wp-json\/wp\/v2\/pages\/189\/revisions\/1211"}],"wp:attachment":[{"href":"https:\/\/olvisz98.hu\/site\/wp-json\/wp\/v2\/media?parent=189"}],"curies":[{"name":"wp","href":"https:\/\/api.w.org\/{rel}","templated":true}]}}