{"id":240,"date":"2023-09-12T13:47:58","date_gmt":"2023-09-12T11:47:58","guid":{"rendered":"http:\/\/olvisz98.hu\/site\/?page_id=240"},"modified":"2025-06-04T06:16:37","modified_gmt":"2025-06-04T04:16:37","slug":"geofizikai-meresek-es-perforalas","status":"publish","type":"page","link":"https:\/\/olvisz98.hu\/site\/geofizikai-meresek-es-perforalas\/","title":{"rendered":"Geofizikai m\u00e9r\u00e9sek \u00e9s r\u00e9tegmegnyit\u00e1s"},"content":{"rendered":"\t\t<div data-elementor-type=\"wp-page\" data-elementor-id=\"240\" class=\"elementor elementor-240\" data-elementor-post-type=\"page\">\n\t\t\t\t\t\t<section class=\"elementor-section elementor-top-section elementor-element elementor-element-20fe6f5 elementor-section-boxed elementor-section-height-default elementor-section-height-default\" data-id=\"20fe6f5\" data-element_type=\"section\">\n\t\t\t\t\t\t<div class=\"elementor-container elementor-column-gap-default\">\n\t\t\t\t\t<div class=\"elementor-column elementor-col-50 elementor-top-column elementor-element elementor-element-58d94a2\" data-id=\"58d94a2\" data-element_type=\"column\">\n\t\t\t<div class=\"elementor-widget-wrap elementor-element-populated\">\n\t\t\t\t\t\t<div class=\"elementor-element elementor-element-6bafe78 elementor-widget elementor-widget-text-editor\" data-id=\"6bafe78\" data-element_type=\"widget\" data-widget_type=\"text-editor.default\">\n\t\t\t\t<div class=\"elementor-widget-container\">\n\t\t\t\t\t\t\t\t\t<p>Els\u0151dleges tev\u00e9kenys\u00e9geink k\u00f6z\u00e9 tartozik a cs\u00f6vezett olaj \u00e9s v\u00edzkutak cementk\u00f6t\u00e9s\u00e9nek m\u00e9r\u00e9se, illetve r\u00e9tegmegnyit\u00e1s k\u00e1beles perfor\u00e1l\u00e1ssal \u00e9s TCP m\u0171veletekkel.<\/p><p>M\u00e9r\u00e9seink k\u00f6z\u00f6tt el\u00e9rhet\u0151 a szegment\u00e1lt cementk\u00f6t\u00e9sm\u00e9r\u00e9s, cementpal\u00e1st tet\u0151 meghat\u00e1roz\u00e1s, m\u00e9lys\u00e9g \u00e9s szersz\u00e1mpontos\u00edt\u00e1s. A folyamatos fejl\u0151d\u00e9s \u00e9rdek\u00e9ben eszk\u00f6zeink b\u0151v\u00edt\u00e9s\u00e9re t\u00f6reksz\u00fcnk.<\/p><p>A perfor\u00e1l\u00e1si tev\u00e9kenys\u00e9geinket k\u00e1beles \u00e9s TCP m\u0171veletekkel v\u00e9gezz\u00fck. Emellett a z\u00e1r\u00f3dug\u00f3 \u00fcltet\u00e9se is szerepel az el\u00e9rhet\u0151 szolg\u00e1ltat\u00e1saink k\u00f6z\u00f6tt.<\/p><p>C\u00e9lunk, hogy a legmagasabb szint\u0171 szak\u00e9rtelemmel \u00e9s technol\u00f3giai megold\u00e1sokkal t\u00e1mogassuk partnereinket a sikeres \u00e9s biztons\u00e1gos projektmegval\u00f3s\u00edt\u00e1sban.<\/p>\t\t\t\t\t\t\t\t<\/div>\n\t\t\t\t<\/div>\n\t\t\t\t\t<\/div>\n\t\t<\/div>\n\t\t\t\t<div class=\"elementor-column elementor-col-50 elementor-top-column elementor-element elementor-element-05f2f7c\" data-id=\"05f2f7c\" data-element_type=\"column\">\n\t\t\t<div class=\"elementor-widget-wrap elementor-element-populated\">\n\t\t\t\t\t\t<div class=\"elementor-element elementor-element-e29564c gallery-spacing-custom elementor-invisible elementor-widget elementor-widget-image-gallery\" data-id=\"e29564c\" data-element_type=\"widget\" data-settings=\"{&quot;_animation&quot;:&quot;fadeIn&quot;}\" data-widget_type=\"image-gallery.default\">\n\t\t\t\t<div class=\"elementor-widget-container\">\n\t\t\t\t\t\t\t<div class=\"elementor-image-gallery\">\n\t\t\t<div id='gallery-1' class='gallery galleryid-240 gallery-columns-4 gallery-size-thumbnail'><figure class='gallery-item'>\n\t\t\t<div class='gallery-icon landscape'>\n\t\t\t\t<a data-elementor-open-lightbox=\"yes\" data-elementor-lightbox-slideshow=\"e29564c\" data-e-action-hash=\"#elementor-action%3Aaction%3Dlightbox%26settings%3DeyJpZCI6MTEwNSwidXJsIjoiaHR0cHM6XC9cL29sdmlzejk4Lmh1XC9zaXRlXC93cC1jb250ZW50XC91cGxvYWRzXC8yMDI1XC8wNlwvSU1HXzIyNjAtc2NhbGVkLmpwZWciLCJzbGlkZXNob3ciOiJlMjk1NjRjIn0%3D\" href='https:\/\/olvisz98.hu\/site\/wp-content\/uploads\/2025\/06\/IMG_2260-scaled.jpeg'><img decoding=\"async\" width=\"150\" height=\"150\" src=\"https:\/\/olvisz98.hu\/site\/wp-content\/uploads\/2025\/06\/IMG_2260-150x150.jpeg\" class=\"attachment-thumbnail size-thumbnail\" alt=\"\" \/><\/a>\n\t\t\t<\/div><\/figure><figure class='gallery-item'>\n\t\t\t<div class='gallery-icon landscape'>\n\t\t\t\t<a data-elementor-open-lightbox=\"yes\" data-elementor-lightbox-slideshow=\"e29564c\" data-e-action-hash=\"#elementor-action%3Aaction%3Dlightbox%26settings%3DeyJpZCI6MTEwNiwidXJsIjoiaHR0cHM6XC9cL29sdmlzejk4Lmh1XC9zaXRlXC93cC1jb250ZW50XC91cGxvYWRzXC8yMDI1XC8wNlwvSU1HXzI5NTktc2NhbGVkLmpwZWciLCJzbGlkZXNob3ciOiJlMjk1NjRjIn0%3D\" href='https:\/\/olvisz98.hu\/site\/wp-content\/uploads\/2025\/06\/IMG_2959-scaled.jpeg'><img decoding=\"async\" width=\"150\" height=\"150\" src=\"https:\/\/olvisz98.hu\/site\/wp-content\/uploads\/2025\/06\/IMG_2959-150x150.jpeg\" class=\"attachment-thumbnail size-thumbnail\" alt=\"\" \/><\/a>\n\t\t\t<\/div><\/figure><figure class='gallery-item'>\n\t\t\t<div class='gallery-icon landscape'>\n\t\t\t\t<a data-elementor-open-lightbox=\"yes\" data-elementor-lightbox-slideshow=\"e29564c\" data-e-action-hash=\"#elementor-action%3Aaction%3Dlightbox%26settings%3DeyJpZCI6MTEwNywidXJsIjoiaHR0cHM6XC9cL29sdmlzejk4Lmh1XC9zaXRlXC93cC1jb250ZW50XC91cGxvYWRzXC8yMDI1XC8wNlwvSU1HXzM1MTYtc2NhbGVkLmpwZWciLCJzbGlkZXNob3ciOiJlMjk1NjRjIn0%3D\" href='https:\/\/olvisz98.hu\/site\/wp-content\/uploads\/2025\/06\/IMG_3516-scaled.jpeg'><img decoding=\"async\" width=\"150\" height=\"150\" src=\"https:\/\/olvisz98.hu\/site\/wp-content\/uploads\/2025\/06\/IMG_3516-150x150.jpeg\" class=\"attachment-thumbnail size-thumbnail\" alt=\"\" \/><\/a>\n\t\t\t<\/div><\/figure><figure class='gallery-item'>\n\t\t\t<div class='gallery-icon landscape'>\n\t\t\t\t<a data-elementor-open-lightbox=\"yes\" data-elementor-lightbox-slideshow=\"e29564c\" data-e-action-hash=\"#elementor-action%3Aaction%3Dlightbox%26settings%3DeyJpZCI6OTUxLCJ1cmwiOiJodHRwczpcL1wvb2x2aXN6OTguaHVcL3NpdGVcL3dwLWNvbnRlbnRcL3VwbG9hZHNcLzIwMjVcLzA0XC9EQUYucG5nIiwic2xpZGVzaG93IjoiZTI5NTY0YyJ9\" href='https:\/\/olvisz98.hu\/site\/wp-content\/uploads\/2025\/04\/DAF.png'><img loading=\"lazy\" decoding=\"async\" width=\"150\" height=\"150\" src=\"https:\/\/olvisz98.hu\/site\/wp-content\/uploads\/2025\/04\/DAF-150x150.png\" class=\"attachment-thumbnail size-thumbnail\" alt=\"\" aria-describedby=\"gallery-1-951\" \/><\/a>\n\t\t\t<\/div>\n\t\t\t\t<figcaption class='wp-caption-text gallery-caption' id='gallery-1-951'>\n\t\t\t\tWireline unit\n\t\t\t\t<\/figcaption><\/figure><figure class='gallery-item'>\n\t\t\t<div class='gallery-icon landscape'>\n\t\t\t\t<a data-elementor-open-lightbox=\"yes\" data-elementor-lightbox-slideshow=\"e29564c\" data-e-action-hash=\"#elementor-action%3Aaction%3Dlightbox%26settings%3DeyJpZCI6MTEwMSwidXJsIjoiaHR0cHM6XC9cL29sdmlzejk4Lmh1XC9zaXRlXC93cC1jb250ZW50XC91cGxvYWRzXC8yMDI1XC8wNlwvMTc0MTEwMjcwMTY1My1zY2FsZWQuanBnIiwic2xpZGVzaG93IjoiZTI5NTY0YyJ9\" href='https:\/\/olvisz98.hu\/site\/wp-content\/uploads\/2025\/06\/1741102701653-scaled.jpg'><img loading=\"lazy\" decoding=\"async\" width=\"150\" height=\"150\" src=\"https:\/\/olvisz98.hu\/site\/wp-content\/uploads\/2025\/06\/1741102701653-150x150.jpg\" class=\"attachment-thumbnail size-thumbnail\" alt=\"\" \/><\/a>\n\t\t\t<\/div><\/figure><figure class='gallery-item'>\n\t\t\t<div class='gallery-icon portrait'>\n\t\t\t\t<a data-elementor-open-lightbox=\"yes\" data-elementor-lightbox-slideshow=\"e29564c\" data-e-action-hash=\"#elementor-action%3Aaction%3Dlightbox%26settings%3DeyJpZCI6MTEwMiwidXJsIjoiaHR0cHM6XC9cL29sdmlzejk4Lmh1XC9zaXRlXC93cC1jb250ZW50XC91cGxvYWRzXC8yMDI1XC8wNlwvMTc0MTEwMjcwMTc3MC1zY2FsZWQuanBnIiwic2xpZGVzaG93IjoiZTI5NTY0YyJ9\" href='https:\/\/olvisz98.hu\/site\/wp-content\/uploads\/2025\/06\/1741102701770-scaled.jpg'><img loading=\"lazy\" decoding=\"async\" width=\"150\" height=\"150\" src=\"https:\/\/olvisz98.hu\/site\/wp-content\/uploads\/2025\/06\/1741102701770-150x150.jpg\" class=\"attachment-thumbnail size-thumbnail\" alt=\"\" \/><\/a>\n\t\t\t<\/div><\/figure><figure class='gallery-item'>\n\t\t\t<div class='gallery-icon portrait'>\n\t\t\t\t<a data-elementor-open-lightbox=\"yes\" data-elementor-lightbox-slideshow=\"e29564c\" data-e-action-hash=\"#elementor-action%3Aaction%3Dlightbox%26settings%3DeyJpZCI6MTEwNCwidXJsIjoiaHR0cHM6XC9cL29sdmlzejk4Lmh1XC9zaXRlXC93cC1jb250ZW50XC91cGxvYWRzXC8yMDI1XC8wNlwvSU1HXzE5MDctc2NhbGVkLmpwZWciLCJzbGlkZXNob3ciOiJlMjk1NjRjIn0%3D\" href='https:\/\/olvisz98.hu\/site\/wp-content\/uploads\/2025\/06\/IMG_1907-scaled.jpeg'><img loading=\"lazy\" decoding=\"async\" width=\"150\" height=\"150\" src=\"https:\/\/olvisz98.hu\/site\/wp-content\/uploads\/2025\/06\/IMG_1907-150x150.jpeg\" class=\"attachment-thumbnail size-thumbnail\" alt=\"\" \/><\/a>\n\t\t\t<\/div><\/figure><figure class='gallery-item'>\n\t\t\t<div class='gallery-icon landscape'>\n\t\t\t\t<a data-elementor-open-lightbox=\"yes\" data-elementor-lightbox-slideshow=\"e29564c\" data-e-action-hash=\"#elementor-action%3Aaction%3Dlightbox%26settings%3DeyJpZCI6MTE5OCwidXJsIjoiaHR0cHM6XC9cL29sdmlzejk4Lmh1XC9zaXRlXC93cC1jb250ZW50XC91cGxvYWRzXC8yMDI1XC8wNlwvSU1HXzk2NjEuanBlZyIsInNsaWRlc2hvdyI6ImUyOTU2NGMifQ%3D%3D\" href='https:\/\/olvisz98.hu\/site\/wp-content\/uploads\/2025\/06\/IMG_9661.jpeg'><img loading=\"lazy\" decoding=\"async\" width=\"150\" height=\"150\" src=\"https:\/\/olvisz98.hu\/site\/wp-content\/uploads\/2025\/06\/IMG_9661-150x150.jpeg\" class=\"attachment-thumbnail size-thumbnail\" alt=\"\" \/><\/a>\n\t\t\t<\/div><\/figure><figure class='gallery-item'>\n\t\t\t<div class='gallery-icon landscape'>\n\t\t\t\t<a data-elementor-open-lightbox=\"yes\" data-elementor-lightbox-slideshow=\"e29564c\" data-e-action-hash=\"#elementor-action%3Aaction%3Dlightbox%26settings%3DeyJpZCI6MTE5OSwidXJsIjoiaHR0cHM6XC9cL29sdmlzejk4Lmh1XC9zaXRlXC93cC1jb250ZW50XC91cGxvYWRzXC8yMDI1XC8wNlwvSU1HXzk2NjUuanBlZyIsInNsaWRlc2hvdyI6ImUyOTU2NGMifQ%3D%3D\" href='https:\/\/olvisz98.hu\/site\/wp-content\/uploads\/2025\/06\/IMG_9665.jpeg'><img loading=\"lazy\" decoding=\"async\" width=\"150\" height=\"150\" src=\"https:\/\/olvisz98.hu\/site\/wp-content\/uploads\/2025\/06\/IMG_9665-150x150.jpeg\" class=\"attachment-thumbnail size-thumbnail\" alt=\"\" \/><\/a>\n\t\t\t<\/div><\/figure>\n\t\t<\/div>\n\t\t<\/div>\n\t\t\t\t\t\t<\/div>\n\t\t\t\t<\/div>\n\t\t\t\t\t<\/div>\n\t\t<\/div>\n\t\t\t\t\t<\/div>\n\t\t<\/section>\n\t\t\t\t<section class=\"elementor-section elementor-top-section elementor-element elementor-element-0b7d334 elementor-section-boxed elementor-section-height-default elementor-section-height-default\" data-id=\"0b7d334\" data-element_type=\"section\">\n\t\t\t\t\t\t<div class=\"elementor-container elementor-column-gap-default\">\n\t\t\t\t\t<div class=\"elementor-column elementor-col-100 elementor-top-column elementor-element elementor-element-0b2d53d\" data-id=\"0b2d53d\" data-element_type=\"column\">\n\t\t\t<div class=\"elementor-widget-wrap\">\n\t\t\t\t\t\t\t<\/div>\n\t\t<\/div>\n\t\t\t\t\t<\/div>\n\t\t<\/section>\n\t\t\t\t<\/div>\n\t\t","protected":false},"excerpt":{"rendered":"<p>Els\u0151dleges tev\u00e9kenys\u00e9geink k\u00f6z\u00e9 tartozik a cs\u00f6vezett olaj \u00e9s v\u00edzkutak cementk\u00f6t\u00e9s\u00e9nek m\u00e9r\u00e9se, illetve r\u00e9tegmegnyit\u00e1s k\u00e1beles perfor\u00e1l\u00e1ssal \u00e9s TCP m\u0171veletekkel. M\u00e9r\u00e9seink k\u00f6z\u00f6tt el\u00e9rhet\u0151 a szegment\u00e1lt cementk\u00f6t\u00e9sm\u00e9r\u00e9s, cementpal\u00e1st tet\u0151 meghat\u00e1roz\u00e1s, m\u00e9lys\u00e9g \u00e9s szersz\u00e1mpontos\u00edt\u00e1s. A folyamatos fejl\u0151d\u00e9s \u00e9rdek\u00e9ben eszk\u00f6zeink b\u0151v\u00edt\u00e9s\u00e9re t\u00f6reksz\u00fcnk. A perfor\u00e1l\u00e1si tev\u00e9kenys\u00e9geinket k\u00e1beles \u00e9s TCP m\u0171veletekkel v\u00e9gezz\u00fck. Emellett a z\u00e1r\u00f3dug\u00f3 \u00fcltet\u00e9se is szerepel az el\u00e9rhet\u0151 szolg\u00e1ltat\u00e1saink k\u00f6z\u00f6tt. [&hellip;]<\/p>\n","protected":false},"author":1,"featured_media":0,"parent":0,"menu_order":0,"comment_status":"closed","ping_status":"closed","template":"","meta":{"footnotes":""},"class_list":["post-240","page","type-page","status-publish","hentry"],"_links":{"self":[{"href":"https:\/\/olvisz98.hu\/site\/wp-json\/wp\/v2\/pages\/240","targetHints":{"allow":["GET"]}}],"collection":[{"href":"https:\/\/olvisz98.hu\/site\/wp-json\/wp\/v2\/pages"}],"about":[{"href":"https:\/\/olvisz98.hu\/site\/wp-json\/wp\/v2\/types\/page"}],"author":[{"embeddable":true,"href":"https:\/\/olvisz98.hu\/site\/wp-json\/wp\/v2\/users\/1"}],"replies":[{"embeddable":true,"href":"https:\/\/olvisz98.hu\/site\/wp-json\/wp\/v2\/comments?post=240"}],"version-history":[{"count":41,"href":"https:\/\/olvisz98.hu\/site\/wp-json\/wp\/v2\/pages\/240\/revisions"}],"predecessor-version":[{"id":1205,"href":"https:\/\/olvisz98.hu\/site\/wp-json\/wp\/v2\/pages\/240\/revisions\/1205"}],"wp:attachment":[{"href":"https:\/\/olvisz98.hu\/site\/wp-json\/wp\/v2\/media?parent=240"}],"curies":[{"name":"wp","href":"https:\/\/api.w.org\/{rel}","templated":true}]}}