{"id":362,"date":"2023-09-13T18:38:47","date_gmt":"2023-09-13T16:38:47","guid":{"rendered":"http:\/\/olvisz98.hu\/site\/?page_id=362"},"modified":"2025-06-02T08:57:50","modified_gmt":"2025-06-02T06:57:50","slug":"nagynyomasu-szivattyus-muveletek","status":"publish","type":"page","link":"https:\/\/olvisz98.hu\/site\/nagynyomasu-szivattyus-muveletek\/","title":{"rendered":"Nagynyom\u00e1s\u00fa szivatty\u00fas m\u0171veletek"},"content":{"rendered":"\t\t<div data-elementor-type=\"wp-page\" data-elementor-id=\"362\" class=\"elementor elementor-362\" data-elementor-post-type=\"page\">\n\t\t\t\t\t\t<section class=\"elementor-section elementor-top-section elementor-element elementor-element-48a6372 elementor-section-boxed elementor-section-height-default elementor-section-height-default\" data-id=\"48a6372\" data-element_type=\"section\">\n\t\t\t\t\t\t<div class=\"elementor-container elementor-column-gap-default\">\n\t\t\t\t\t<div class=\"elementor-column elementor-col-50 elementor-top-column elementor-element elementor-element-37cb1e1\" data-id=\"37cb1e1\" data-element_type=\"column\">\n\t\t\t<div class=\"elementor-widget-wrap elementor-element-populated\">\n\t\t\t\t\t\t<div class=\"elementor-element elementor-element-85fce74 elementor-widget elementor-widget-text-editor\" data-id=\"85fce74\" data-element_type=\"widget\" data-widget_type=\"text-editor.default\">\n\t\t\t\t<div class=\"elementor-widget-container\">\n\t\t\t\t\t\t\t\t\t<p>Az olajipari nagynyom\u00e1s\u00fa szivatty\u00fak f\u0151 c\u00e9lja az olaj \u00e9s g\u00e1z kitermel\u00e9se sor\u00e1n sz\u00fcks\u00e9ges folyad\u00e9kok \u00e9s anyagok hat\u00e9kony sz\u00e1ll\u00edt\u00e1sa. Ezek a szivatty\u00fak rendk\u00edv\u00fcl magas nyom\u00e1st k\u00e9pesek gener\u00e1lni, seg\u00edtve a k\u00fatb\u00f3l kitermelt folyad\u00e9kok emel\u00e9s\u00e9t a felsz\u00ednre. A nagynyom\u00e1s\u00fa szivatty\u00fak alkalmaz\u00e1sa lehet\u0151v\u00e9 teszi a hat\u00e9konyabb hidraulikus fraktur\u00e1l\u00e1st, amely fokozza a k\u00fattermel\u00e9st. Ezen k\u00edv\u00fcl a szivatty\u00fak seg\u00edtik az injekt\u00e1l\u00f3 folyamatokat, a k\u00fcl\u00f6nb\u00f6z\u0151 vegyszerek \u00e9s adal\u00e9kok bejuttat\u00e1s\u00e1t a k\u00fatba a hat\u00e9konyabb kitermel\u00e9s \u00e9rdek\u00e9ben. A szivatty\u00fam\u0171veletek sor\u00e1n a nagynyom\u00e1s\u00fa rendszerek gondoskodnak a folyamatos \u00e9s megb\u00edzhat\u00f3 folyad\u00e9ksz\u00e1ll\u00edt\u00e1sr\u00f3l, minimaliz\u00e1lva az energiavesztes\u00e9get \u00e9s n\u00f6velve a kitermel\u00e9s hat\u00e9konys\u00e1g\u00e1t. Az olajipari szivatty\u00fak sz\u00e9les k\u00f6rben alkalmazott technol\u00f3gi\u00e1k, amelyek kulcsfontoss\u00e1g\u00fa szerepet j\u00e1tszanak a termel\u00e9si folyamatok optimaliz\u00e1l\u00e1s\u00e1ban.<\/p>\t\t\t\t\t\t\t\t<\/div>\n\t\t\t\t<\/div>\n\t\t\t\t\t<\/div>\n\t\t<\/div>\n\t\t\t\t<div class=\"elementor-column elementor-col-50 elementor-top-column elementor-element elementor-element-41583b0\" data-id=\"41583b0\" data-element_type=\"column\">\n\t\t\t<div class=\"elementor-widget-wrap elementor-element-populated\">\n\t\t\t\t\t\t<div class=\"elementor-element elementor-element-06cd683 gallery-spacing-custom elementor-invisible elementor-widget elementor-widget-image-gallery\" data-id=\"06cd683\" data-element_type=\"widget\" data-settings=\"{&quot;_animation&quot;:&quot;fadeIn&quot;}\" data-widget_type=\"image-gallery.default\">\n\t\t\t\t<div class=\"elementor-widget-container\">\n\t\t\t\t\t\t\t<div class=\"elementor-image-gallery\">\n\t\t\t<div id='gallery-1' class='gallery galleryid-362 gallery-columns-4 gallery-size-thumbnail'><figure class='gallery-item'>\n\t\t\t<div class='gallery-icon landscape'>\n\t\t\t\t<a data-elementor-open-lightbox=\"yes\" data-elementor-lightbox-slideshow=\"06cd683\" data-e-action-hash=\"#elementor-action%3Aaction%3Dlightbox%26settings%3DeyJpZCI6MTA1OCwidXJsIjoiaHR0cHM6XC9cL29sdmlzejk4Lmh1XC9zaXRlXC93cC1jb250ZW50XC91cGxvYWRzXC8yMDI1XC8wNlwvcHVtcGluZy5qcGciLCJzbGlkZXNob3ciOiIwNmNkNjgzIn0%3D\" href='https:\/\/olvisz98.hu\/site\/wp-content\/uploads\/2025\/06\/pumping.jpg'><img decoding=\"async\" width=\"150\" height=\"150\" src=\"https:\/\/olvisz98.hu\/site\/wp-content\/uploads\/2025\/06\/pumping-150x150.jpg\" class=\"attachment-thumbnail size-thumbnail\" alt=\"\" \/><\/a>\n\t\t\t<\/div><\/figure><figure class='gallery-item'>\n\t\t\t<div class='gallery-icon landscape'>\n\t\t\t\t<a data-elementor-open-lightbox=\"yes\" data-elementor-lightbox-slideshow=\"06cd683\" data-e-action-hash=\"#elementor-action%3Aaction%3Dlightbox%26settings%3DeyJpZCI6MTA1OSwidXJsIjoiaHR0cHM6XC9cL29sdmlzejk4Lmh1XC9zaXRlXC93cC1jb250ZW50XC91cGxvYWRzXC8yMDI1XC8wNlwvcHVtcGluZzIuanBnIiwic2xpZGVzaG93IjoiMDZjZDY4MyJ9\" href='https:\/\/olvisz98.hu\/site\/wp-content\/uploads\/2025\/06\/pumping2.jpg'><img decoding=\"async\" width=\"150\" height=\"150\" src=\"https:\/\/olvisz98.hu\/site\/wp-content\/uploads\/2025\/06\/pumping2-150x150.jpg\" class=\"attachment-thumbnail size-thumbnail\" alt=\"\" \/><\/a>\n\t\t\t<\/div><\/figure><figure class='gallery-item'>\n\t\t\t<div class='gallery-icon landscape'>\n\t\t\t\t<a data-elementor-open-lightbox=\"yes\" data-elementor-lightbox-slideshow=\"06cd683\" data-e-action-hash=\"#elementor-action%3Aaction%3Dlightbox%26settings%3DeyJpZCI6MTA2MCwidXJsIjoiaHR0cHM6XC9cL29sdmlzejk4Lmh1XC9zaXRlXC93cC1jb250ZW50XC91cGxvYWRzXC8yMDI1XC8wNlwvcHVtcGluZzMuanBnIiwic2xpZGVzaG93IjoiMDZjZDY4MyJ9\" href='https:\/\/olvisz98.hu\/site\/wp-content\/uploads\/2025\/06\/pumping3.jpg'><img decoding=\"async\" width=\"150\" height=\"150\" src=\"https:\/\/olvisz98.hu\/site\/wp-content\/uploads\/2025\/06\/pumping3-150x150.jpg\" class=\"attachment-thumbnail size-thumbnail\" alt=\"\" \/><\/a>\n\t\t\t<\/div><\/figure>\n\t\t<\/div>\n\t\t<\/div>\n\t\t\t\t\t\t<\/div>\n\t\t\t\t<\/div>\n\t\t\t\t\t<\/div>\n\t\t<\/div>\n\t\t\t\t\t<\/div>\n\t\t<\/section>\n\t\t\t\t<\/div>\n\t\t","protected":false},"excerpt":{"rendered":"<p>Az olajipari nagynyom\u00e1s\u00fa szivatty\u00fak f\u0151 c\u00e9lja az olaj \u00e9s g\u00e1z kitermel\u00e9se sor\u00e1n sz\u00fcks\u00e9ges folyad\u00e9kok \u00e9s anyagok hat\u00e9kony sz\u00e1ll\u00edt\u00e1sa. Ezek a szivatty\u00fak rendk\u00edv\u00fcl magas nyom\u00e1st k\u00e9pesek gener\u00e1lni, seg\u00edtve a k\u00fatb\u00f3l kitermelt folyad\u00e9kok emel\u00e9s\u00e9t a felsz\u00ednre. A nagynyom\u00e1s\u00fa szivatty\u00fak alkalmaz\u00e1sa lehet\u0151v\u00e9 teszi a hat\u00e9konyabb hidraulikus fraktur\u00e1l\u00e1st, amely fokozza a k\u00fattermel\u00e9st. Ezen k\u00edv\u00fcl a szivatty\u00fak seg\u00edtik az injekt\u00e1l\u00f3 [&hellip;]<\/p>\n","protected":false},"author":1,"featured_media":0,"parent":0,"menu_order":0,"comment_status":"closed","ping_status":"closed","template":"","meta":{"footnotes":""},"class_list":["post-362","page","type-page","status-publish","hentry"],"_links":{"self":[{"href":"https:\/\/olvisz98.hu\/site\/wp-json\/wp\/v2\/pages\/362","targetHints":{"allow":["GET"]}}],"collection":[{"href":"https:\/\/olvisz98.hu\/site\/wp-json\/wp\/v2\/pages"}],"about":[{"href":"https:\/\/olvisz98.hu\/site\/wp-json\/wp\/v2\/types\/page"}],"author":[{"embeddable":true,"href":"https:\/\/olvisz98.hu\/site\/wp-json\/wp\/v2\/users\/1"}],"replies":[{"embeddable":true,"href":"https:\/\/olvisz98.hu\/site\/wp-json\/wp\/v2\/comments?post=362"}],"version-history":[{"count":7,"href":"https:\/\/olvisz98.hu\/site\/wp-json\/wp\/v2\/pages\/362\/revisions"}],"predecessor-version":[{"id":1067,"href":"https:\/\/olvisz98.hu\/site\/wp-json\/wp\/v2\/pages\/362\/revisions\/1067"}],"wp:attachment":[{"href":"https:\/\/olvisz98.hu\/site\/wp-json\/wp\/v2\/media?parent=362"}],"curies":[{"name":"wp","href":"https:\/\/api.w.org\/{rel}","templated":true}]}}