{"id":37,"date":"2023-09-12T11:21:37","date_gmt":"2023-09-12T09:21:37","guid":{"rendered":"http:\/\/olvisz98.hu\/site\/?page_id=37"},"modified":"2026-01-24T08:49:25","modified_gmt":"2026-01-24T07:49:25","slug":"kezdolap","status":"publish","type":"page","link":"https:\/\/olvisz98.hu\/site\/","title":{"rendered":"Kezd\u0151lap"},"content":{"rendered":"\t\t<div data-elementor-type=\"wp-page\" data-elementor-id=\"37\" class=\"elementor elementor-37\" data-elementor-post-type=\"page\">\n\t\t\t\t\t\t<section class=\"elementor-section elementor-top-section elementor-element elementor-element-b908cad elementor-section-full_width elementor-section-height-min-height elementor-section-height-default elementor-section-items-middle\" data-id=\"b908cad\" data-element_type=\"section\" data-settings=\"{&quot;background_background&quot;:&quot;classic&quot;}\">\n\t\t\t\t\t\t<div class=\"elementor-container elementor-column-gap-default\">\n\t\t\t\t\t<div class=\"elementor-column elementor-col-100 elementor-top-column elementor-element elementor-element-d9f6f60\" data-id=\"d9f6f60\" data-element_type=\"column\">\n\t\t\t<div class=\"elementor-widget-wrap\">\n\t\t\t\t\t\t\t<\/div>\n\t\t<\/div>\n\t\t\t\t\t<\/div>\n\t\t<\/section>\n\t\t\t\t<section class=\"elementor-section elementor-top-section elementor-element elementor-element-ea19c71 elementor-section-boxed elementor-section-height-default elementor-section-height-default\" data-id=\"ea19c71\" data-element_type=\"section\">\n\t\t\t\t\t\t<div class=\"elementor-container elementor-column-gap-default\">\n\t\t\t\t\t<div class=\"elementor-column elementor-col-50 elementor-top-column elementor-element elementor-element-1c8ded5\" data-id=\"1c8ded5\" data-element_type=\"column\">\n\t\t\t<div class=\"elementor-widget-wrap elementor-element-populated\">\n\t\t\t\t\t\t<div class=\"elementor-element elementor-element-62dd9f8 elementor-widget elementor-widget-heading\" data-id=\"62dd9f8\" data-element_type=\"widget\" data-widget_type=\"heading.default\">\n\t\t\t\t<div class=\"elementor-widget-container\">\n\t\t\t\t\t<h2 class=\"elementor-heading-title elementor-size-default\">R\u00f3lunk<\/h2>\t\t\t\t<\/div>\n\t\t\t\t<\/div>\n\t\t\t\t<div class=\"elementor-element elementor-element-857e0fb elementor-widget elementor-widget-text-editor\" data-id=\"857e0fb\" data-element_type=\"widget\" data-widget_type=\"text-editor.default\">\n\t\t\t\t<div class=\"elementor-widget-container\">\n\t\t\t\t\t\t\t\t\t<p>Az Olvisz \u201998 Kft. 1998 \u00f3ta dinamikusan fejl\u0151d\u0151 c\u00e9gk\u00e9nt t\u00f6bb, mint 25 \u00e9v tapasztalattal rendelkezik az olajipari \u00e9s v\u00edzk\u00fat f\u00far\u00e1si tev\u00e9kenys\u00e9gekben.<\/p><p>100%-ban magyar tulajdonban l\u00e9v\u0151 v\u00e1llalatk\u00e9nt b\u00fcszk\u00e9k vagyunk az el\u00e9rt eredm\u00e9nyeinkre, szakmai csapatunkra \u00e9s a partnereinkkel kialak\u00edtott kiemelked\u0151en j\u00f3 kapcsolatainkra.<\/p><p>\u00dcgyfeleink visszajelz\u00e9sei alapj\u00e1n folyamatosan alkalmazkodunk az \u00faj technol\u00f3gi\u00e1khoz \u00e9s ig\u00e9nyekhez, melyek biztos\u00edtj\u00e1k szolg\u00e1ltat\u00e1saink magas sz\u00ednvonal\u00e1t, illetve a fenntarthat\u00f3 fejl\u0151d\u00e9st \u00e9s k\u00f6rnyezetv\u00e9delmet.<\/p>\t\t\t\t\t\t\t\t<\/div>\n\t\t\t\t<\/div>\n\t\t\t\t\t<\/div>\n\t\t<\/div>\n\t\t\t\t<div class=\"elementor-column elementor-col-50 elementor-top-column elementor-element elementor-element-10a3ce3\" data-id=\"10a3ce3\" data-element_type=\"column\">\n\t\t\t<div class=\"elementor-widget-wrap elementor-element-populated\">\n\t\t\t\t\t\t<div class=\"elementor-element elementor-element-feb75f8 elementor-widget elementor-widget-heading\" data-id=\"feb75f8\" data-element_type=\"widget\" data-widget_type=\"heading.default\">\n\t\t\t\t<div class=\"elementor-widget-container\">\n\t\t\t\t\t<h2 class=\"elementor-heading-title elementor-size-default\">Tev\u00e9kenys\u00e9geink<\/h2>\t\t\t\t<\/div>\n\t\t\t\t<\/div>\n\t\t\t\t<div class=\"elementor-element elementor-element-563515d elementor-widget elementor-widget-text-editor\" data-id=\"563515d\" data-element_type=\"widget\" data-widget_type=\"text-editor.default\">\n\t\t\t\t<div class=\"elementor-widget-container\">\n\t\t\t\t\t\t\t\t\t<p>V\u00e1llalatunk az olajipar, v\u00edzk\u00fat f\u00far\u00e1s \u00e9s az \u00e9p\u00edt\u0151ipar ter\u00fclet\u00e9n ny\u00fajt min\u0151s\u00e9gi szolg\u00e1ltat\u00e1sokat. Munk\u00e1nkkal, eszk\u00f6zeinkkel \u00e9s szak\u00e9rt\u0151 koll\u00e9g\u00e1inkkal r\u00e9szt vesz\u00fcnk az olajipar kutat\u00e1si \u00e9s termel\u00e9si folyamataiban, v\u00edzkutak f\u00far\u00e1si \u00e9s jav\u00edt\u00e1si munk\u00e1lataiban, illetve \u00e9p\u00edt\u0151ipari kivitelez\u0151k\u00e9nt lak\u00f3 \u00e9s iroda\u00e9p\u00fcletek, valamint rakt\u00e1r\u00e9p\u00fcletek \u00e9s csarnokok \u00e9p\u00edt\u00e9si projektjeinek feladataiban.<\/p>\t\t\t\t\t\t\t\t<\/div>\n\t\t\t\t<\/div>\n\t\t\t\t\t<\/div>\n\t\t<\/div>\n\t\t\t\t\t<\/div>\n\t\t<\/section>\n\t\t\t\t<section class=\"elementor-section elementor-top-section elementor-element elementor-element-0bc6f17 elementor-section-boxed elementor-section-height-default elementor-section-height-default\" data-id=\"0bc6f17\" data-element_type=\"section\">\n\t\t\t\t\t\t<div class=\"elementor-container elementor-column-gap-default\">\n\t\t\t\t\t<div class=\"elementor-column elementor-col-100 elementor-top-column elementor-element elementor-element-4250c49\" data-id=\"4250c49\" data-element_type=\"column\">\n\t\t\t<div class=\"elementor-widget-wrap elementor-element-populated\">\n\t\t\t\t\t\t<div class=\"elementor-element elementor-element-7f3d362 elementor-arrows-position-inside elementor-pagination-position-outside elementor-widget elementor-widget-image-carousel\" data-id=\"7f3d362\" data-element_type=\"widget\" data-settings=\"{&quot;slides_to_show&quot;:&quot;1&quot;,&quot;autoplay_speed&quot;:2000,&quot;speed&quot;:800,&quot;navigation&quot;:&quot;both&quot;,&quot;autoplay&quot;:&quot;yes&quot;,&quot;pause_on_hover&quot;:&quot;yes&quot;,&quot;pause_on_interaction&quot;:&quot;yes&quot;,&quot;infinite&quot;:&quot;yes&quot;,&quot;effect&quot;:&quot;slide&quot;}\" data-widget_type=\"image-carousel.default\">\n\t\t\t\t<div class=\"elementor-widget-container\">\n\t\t\t\t\t\t\t<div class=\"elementor-image-carousel-wrapper swiper\" role=\"region\" aria-roledescription=\"carousel\" aria-label=\"Image Carousel\" dir=\"ltr\">\n\t\t\t<div class=\"elementor-image-carousel swiper-wrapper swiper-image-stretch\" aria-live=\"off\">\n\t\t\t\t\t\t\t\t<div class=\"swiper-slide\" role=\"group\" aria-roledescription=\"slide\" aria-label=\"1 \/ 6\"><figure class=\"swiper-slide-inner\"><img decoding=\"async\" class=\"swiper-slide-image\" src=\"https:\/\/olvisz98.hu\/site\/wp-content\/uploads\/2025\/06\/cement13.jpg\" alt=\"\" \/><\/figure><\/div><div class=\"swiper-slide\" role=\"group\" aria-roledescription=\"slide\" aria-label=\"2 \/ 6\"><figure class=\"swiper-slide-inner\"><img decoding=\"async\" class=\"swiper-slide-image\" src=\"https:\/\/olvisz98.hu\/site\/wp-content\/uploads\/2025\/06\/IMG_9832-scaled.jpg\" alt=\"\" \/><\/figure><\/div><div class=\"swiper-slide\" role=\"group\" aria-roledescription=\"slide\" aria-label=\"3 \/ 6\"><figure class=\"swiper-slide-inner\"><img decoding=\"async\" class=\"swiper-slide-image\" src=\"https:\/\/olvisz98.hu\/site\/wp-content\/uploads\/2025\/06\/IMG_2260-scaled.jpeg\" alt=\"\" \/><\/figure><\/div><div class=\"swiper-slide\" role=\"group\" aria-roledescription=\"slide\" aria-label=\"4 \/ 6\"><figure class=\"swiper-slide-inner\"><img decoding=\"async\" class=\"swiper-slide-image\" src=\"https:\/\/olvisz98.hu\/site\/wp-content\/uploads\/2025\/06\/nitr-1.jpg\" alt=\"\" \/><\/figure><\/div><div class=\"swiper-slide\" role=\"group\" aria-roledescription=\"slide\" aria-label=\"5 \/ 6\"><figure class=\"swiper-slide-inner\"><img decoding=\"async\" class=\"swiper-slide-image\" src=\"https:\/\/olvisz98.hu\/site\/wp-content\/uploads\/2025\/06\/nitrogen2.jpg\" alt=\"\" \/><\/figure><\/div><div class=\"swiper-slide\" role=\"group\" aria-roledescription=\"slide\" aria-label=\"6 \/ 6\"><figure class=\"swiper-slide-inner\"><img decoding=\"async\" class=\"swiper-slide-image\" src=\"https:\/\/olvisz98.hu\/site\/wp-content\/uploads\/2025\/06\/acid.jpg\" alt=\"\" \/><\/figure><\/div>\t\t\t<\/div>\n\t\t\t\t\t\t\t\t\t\t\t\t<div class=\"elementor-swiper-button elementor-swiper-button-prev\" role=\"button\" tabindex=\"0\">\n\t\t\t\t\t\t<i aria-hidden=\"true\" class=\"eicon-chevron-left\"><\/i>\t\t\t\t\t<\/div>\n\t\t\t\t\t<div class=\"elementor-swiper-button elementor-swiper-button-next\" role=\"button\" tabindex=\"0\">\n\t\t\t\t\t\t<i aria-hidden=\"true\" class=\"eicon-chevron-right\"><\/i>\t\t\t\t\t<\/div>\n\t\t\t\t\n\t\t\t\t\t\t\t\t\t<div class=\"swiper-pagination\"><\/div>\n\t\t\t\t\t\t\t\t\t<\/div>\n\t\t\t\t\t\t<\/div>\n\t\t\t\t<\/div>\n\t\t\t\t\t<\/div>\n\t\t<\/div>\n\t\t\t\t\t<\/div>\n\t\t<\/section>\n\t\t\t\t<section class=\"elementor-section elementor-top-section elementor-element elementor-element-ede7873 elementor-section-boxed elementor-section-height-default elementor-section-height-default\" data-id=\"ede7873\" data-element_type=\"section\">\n\t\t\t\t\t\t<div class=\"elementor-container elementor-column-gap-default\">\n\t\t\t\t\t<div class=\"elementor-column elementor-col-100 elementor-top-column elementor-element elementor-element-51679b7\" data-id=\"51679b7\" data-element_type=\"column\">\n\t\t\t<div class=\"elementor-widget-wrap elementor-element-populated\">\n\t\t\t\t\t\t<div class=\"elementor-element elementor-element-2ebb45a elementor-widget elementor-widget-heading\" data-id=\"2ebb45a\" data-element_type=\"widget\" data-widget_type=\"heading.default\">\n\t\t\t\t<div class=\"elementor-widget-container\">\n\t\t\t\t\t<h2 class=\"elementor-heading-title elementor-size-default\">Partnereink<\/h2>\t\t\t\t<\/div>\n\t\t\t\t<\/div>\n\t\t\t\t\t<\/div>\n\t\t<\/div>\n\t\t\t\t\t<\/div>\n\t\t<\/section>\n\t\t\t\t<section class=\"elementor-section elementor-top-section elementor-element elementor-element-7b62058 elementor-section-boxed elementor-section-height-default elementor-section-height-default\" data-id=\"7b62058\" data-element_type=\"section\">\n\t\t\t\t\t\t<div class=\"elementor-container elementor-column-gap-default\">\n\t\t\t\t\t<div class=\"elementor-column elementor-col-100 elementor-top-column elementor-element elementor-element-369878b\" data-id=\"369878b\" data-element_type=\"column\">\n\t\t\t<div class=\"elementor-widget-wrap elementor-element-populated\">\n\t\t\t\t\t\t<div class=\"elementor-element elementor-element-d9b39ff elementor-arrows-position-outside elementor-pagination-position-outside elementor-widget elementor-widget-image-carousel\" data-id=\"d9b39ff\" data-element_type=\"widget\" data-settings=\"{&quot;lazyload&quot;:&quot;yes&quot;,&quot;autoplay_speed&quot;:100,&quot;speed&quot;:1000,&quot;navigation&quot;:&quot;both&quot;,&quot;autoplay&quot;:&quot;yes&quot;,&quot;pause_on_hover&quot;:&quot;yes&quot;,&quot;pause_on_interaction&quot;:&quot;yes&quot;,&quot;infinite&quot;:&quot;yes&quot;}\" data-widget_type=\"image-carousel.default\">\n\t\t\t\t<div class=\"elementor-widget-container\">\n\t\t\t\t\t\t\t<div class=\"elementor-image-carousel-wrapper swiper\" role=\"region\" aria-roledescription=\"carousel\" aria-label=\"Image Carousel\" dir=\"ltr\">\n\t\t\t<div class=\"elementor-image-carousel swiper-wrapper\" aria-live=\"off\">\n\t\t\t\t\t\t\t\t<div class=\"swiper-slide\" role=\"group\" aria-roledescription=\"slide\" aria-label=\"1 \/ 12\"><figure class=\"swiper-slide-inner\"><img class=\"swiper-slide-image swiper-lazy\" data-src=\"https:\/\/olvisz98.hu\/site\/wp-content\/uploads\/2024\/09\/goes_gmbh_logo-150x150.jpg\" alt=\"goes_gmbh_logo\" \/><div class=\"swiper-lazy-preloader\"><\/div><\/figure><\/div><div class=\"swiper-slide\" role=\"group\" aria-roledescription=\"slide\" aria-label=\"2 \/ 12\"><figure class=\"swiper-slide-inner\"><img class=\"swiper-slide-image swiper-lazy\" data-src=\"https:\/\/olvisz98.hu\/site\/wp-content\/uploads\/2024\/09\/hunting2-150x150.png\" alt=\"hunting2\" \/><div class=\"swiper-lazy-preloader\"><\/div><\/figure><\/div><div class=\"swiper-slide\" role=\"group\" aria-roledescription=\"slide\" aria-label=\"3 \/ 12\"><figure class=\"swiper-slide-inner\"><img class=\"swiper-slide-image swiper-lazy\" data-src=\"https:\/\/olvisz98.hu\/site\/wp-content\/uploads\/2024\/09\/scania-trucks-logo-150x150.png\" alt=\"scania-trucks-logo\" \/><div class=\"swiper-lazy-preloader\"><\/div><\/figure><\/div><div class=\"swiper-slide\" role=\"group\" aria-roledescription=\"slide\" aria-label=\"4 \/ 12\"><figure class=\"swiper-slide-inner\"><img class=\"swiper-slide-image swiper-lazy\" data-src=\"https:\/\/olvisz98.hu\/site\/wp-content\/uploads\/2025\/06\/dyna-150x150.png\" alt=\"\" \/><div class=\"swiper-lazy-preloader\"><\/div><\/figure><\/div><div class=\"swiper-slide\" role=\"group\" aria-roledescription=\"slide\" aria-label=\"5 \/ 12\"><figure class=\"swiper-slide-inner\"><img class=\"swiper-slide-image swiper-lazy\" data-src=\"https:\/\/olvisz98.hu\/site\/wp-content\/uploads\/2025\/06\/antares_logo_300-150x150.png\" alt=\"\" \/><div class=\"swiper-lazy-preloader\"><\/div><\/figure><\/div><div class=\"swiper-slide\" role=\"group\" aria-roledescription=\"slide\" aria-label=\"6 \/ 12\"><figure class=\"swiper-slide-inner\"><img class=\"swiper-slide-image swiper-lazy\" data-src=\"https:\/\/olvisz98.hu\/site\/wp-content\/uploads\/2025\/06\/windlass-150x150.png\" alt=\"\" \/><div class=\"swiper-lazy-preloader\"><\/div><\/figure><\/div><div class=\"swiper-slide\" role=\"group\" aria-roledescription=\"slide\" aria-label=\"7 \/ 12\"><figure class=\"swiper-slide-inner\"><img class=\"swiper-slide-image swiper-lazy\" data-src=\"https:\/\/olvisz98.hu\/site\/wp-content\/uploads\/2025\/06\/ruixin_logo-150x150.png\" alt=\"\" \/><div class=\"swiper-lazy-preloader\"><\/div><\/figure><\/div><div class=\"swiper-slide\" role=\"group\" aria-roledescription=\"slide\" aria-label=\"8 \/ 12\"><figure class=\"swiper-slide-inner\"><img class=\"swiper-slide-image swiper-lazy\" data-src=\"https:\/\/olvisz98.hu\/site\/wp-content\/uploads\/2025\/09\/SDTH-Lake-Petrol.jpg\" alt=\"SDTH Lake Petrol\" \/><div class=\"swiper-lazy-preloader\"><\/div><\/figure><\/div><div class=\"swiper-slide\" role=\"group\" aria-roledescription=\"slide\" aria-label=\"9 \/ 12\"><figure class=\"swiper-slide-inner\"><img class=\"swiper-slide-image swiper-lazy\" data-src=\"https:\/\/olvisz98.hu\/site\/wp-content\/uploads\/2025\/11\/denair-150x150.png\" alt=\"denair\" \/><div class=\"swiper-lazy-preloader\"><\/div><\/figure><\/div><div class=\"swiper-slide\" role=\"group\" aria-roledescription=\"slide\" aria-label=\"10 \/ 12\"><figure class=\"swiper-slide-inner\"><img class=\"swiper-slide-image swiper-lazy\" data-src=\"https:\/\/olvisz98.hu\/site\/wp-content\/uploads\/2025\/11\/austin_logo_2-150x150.jpg\" alt=\"austin_logo_2\" \/><div class=\"swiper-lazy-preloader\"><\/div><\/figure><\/div><div class=\"swiper-slide\" role=\"group\" aria-roledescription=\"slide\" aria-label=\"11 \/ 12\"><figure class=\"swiper-slide-inner\"><img class=\"swiper-slide-image swiper-lazy\" data-src=\"https:\/\/olvisz98.hu\/site\/wp-content\/uploads\/2025\/11\/logo_tde_2-150x150.png\" alt=\"logo_tde_2\" \/><div class=\"swiper-lazy-preloader\"><\/div><\/figure><\/div><div class=\"swiper-slide\" role=\"group\" aria-roledescription=\"slide\" aria-label=\"12 \/ 12\"><figure class=\"swiper-slide-inner\"><img class=\"swiper-slide-image swiper-lazy\" data-src=\"https:\/\/olvisz98.hu\/site\/wp-content\/uploads\/2025\/11\/ccsc_2-150x150.png\" alt=\"ccsc_2\" \/><div class=\"swiper-lazy-preloader\"><\/div><\/figure><\/div>\t\t\t<\/div>\n\t\t\t\t\t\t\t\t\t\t\t\t<div class=\"elementor-swiper-button elementor-swiper-button-prev\" role=\"button\" tabindex=\"0\">\n\t\t\t\t\t\t<i aria-hidden=\"true\" class=\"eicon-chevron-left\"><\/i>\t\t\t\t\t<\/div>\n\t\t\t\t\t<div class=\"elementor-swiper-button elementor-swiper-button-next\" role=\"button\" tabindex=\"0\">\n\t\t\t\t\t\t<i aria-hidden=\"true\" class=\"eicon-chevron-right\"><\/i>\t\t\t\t\t<\/div>\n\t\t\t\t\n\t\t\t\t\t\t\t\t\t<div class=\"swiper-pagination\"><\/div>\n\t\t\t\t\t\t\t\t\t<\/div>\n\t\t\t\t\t\t<\/div>\n\t\t\t\t<\/div>\n\t\t\t\t\t<\/div>\n\t\t<\/div>\n\t\t\t\t\t<\/div>\n\t\t<\/section>\n\t\t\t\t<section class=\"elementor-section elementor-top-section elementor-element elementor-element-b2183f7 elementor-section-boxed elementor-section-height-default elementor-section-height-default\" data-id=\"b2183f7\" data-element_type=\"section\">\n\t\t\t\t\t\t<div class=\"elementor-container elementor-column-gap-default\">\n\t\t\t\t\t<div class=\"elementor-column elementor-col-100 elementor-top-column elementor-element elementor-element-eca1c80\" data-id=\"eca1c80\" data-element_type=\"column\">\n\t\t\t<div class=\"elementor-widget-wrap elementor-element-populated\">\n\t\t\t\t\t\t<div class=\"elementor-element elementor-element-bcc8a96 elementor-widget elementor-widget-heading\" data-id=\"bcc8a96\" data-element_type=\"widget\" data-widget_type=\"heading.default\">\n\t\t\t\t<div class=\"elementor-widget-container\">\n\t\t\t\t\t<h2 class=\"elementor-heading-title elementor-size-default\">Tan\u00fas\u00edtv\u00e1nyunk<\/h2>\t\t\t\t<\/div>\n\t\t\t\t<\/div>\n\t\t\t\t\t<\/div>\n\t\t<\/div>\n\t\t\t\t\t<\/div>\n\t\t<\/section>\n\t\t\t\t<section class=\"elementor-section elementor-top-section elementor-element elementor-element-7ef0bbf elementor-section-boxed elementor-section-height-default elementor-section-height-default\" data-id=\"7ef0bbf\" data-element_type=\"section\">\n\t\t\t\t\t\t<div class=\"elementor-container elementor-column-gap-default\">\n\t\t\t\t\t<div class=\"elementor-column elementor-col-100 elementor-top-column elementor-element elementor-element-63553f1\" data-id=\"63553f1\" data-element_type=\"column\">\n\t\t\t<div class=\"elementor-widget-wrap elementor-element-populated\">\n\t\t\t\t\t\t<div class=\"elementor-element elementor-element-fdd4dcb elementor-position-left elementor-vertical-align-top elementor-widget elementor-widget-image-box\" data-id=\"fdd4dcb\" data-element_type=\"widget\" data-widget_type=\"image-box.default\">\n\t\t\t\t<div class=\"elementor-widget-container\">\n\t\t\t\t\t<div class=\"elementor-image-box-wrapper\"><figure class=\"elementor-image-box-img\"><a href=\"https:\/\/www.dnb.com\/hu-hu\/szolgaltatasok\/tanusitvany.html\" target=\"_blank\" tabindex=\"-1\"><img fetchpriority=\"high\" decoding=\"async\" width=\"2000\" height=\"2052\" src=\"https:\/\/olvisz98.hu\/site\/wp-content\/uploads\/2026\/01\/aaa_allo.jpg\" class=\"attachment-full size-full wp-image-1352\" alt=\"\" srcset=\"https:\/\/olvisz98.hu\/site\/wp-content\/uploads\/2026\/01\/aaa_allo.jpg 2000w, https:\/\/olvisz98.hu\/site\/wp-content\/uploads\/2026\/01\/aaa_allo-292x300.jpg 292w, https:\/\/olvisz98.hu\/site\/wp-content\/uploads\/2026\/01\/aaa_allo-998x1024.jpg 998w, https:\/\/olvisz98.hu\/site\/wp-content\/uploads\/2026\/01\/aaa_allo-768x788.jpg 768w, https:\/\/olvisz98.hu\/site\/wp-content\/uploads\/2026\/01\/aaa_allo-1497x1536.jpg 1497w, https:\/\/olvisz98.hu\/site\/wp-content\/uploads\/2026\/01\/aaa_allo-1996x2048.jpg 1996w\" sizes=\"(max-width: 2000px) 100vw, 2000px\" \/><\/a><\/figure><div class=\"elementor-image-box-content\"><h3 class=\"elementor-image-box-title\"><a href=\"https:\/\/www.dnb.com\/hu-hu\/szolgaltatasok\/tanusitvany.html\" target=\"_blank\">Dun &amp; Bradstreet tan\u00fas\u00edtv\u00e1ny<\/a><\/h3><p class=\"elementor-image-box-description\">C\u00e9g\u00fcnk rendelkezik Dun &amp; Bradstreet Tan\u00fas\u00edtv\u00e1nnyal, amely f\u00fcggetlen szak\u00e9rt\u0151i \u00e9rt\u00e9kel\u00e9s alapj\u00e1n igazolja v\u00e1llalatunk p\u00e9nz\u00fcgyi stabilit\u00e1s\u00e1t \u00e9s \u00fczleti megb\u00edzhat\u00f3s\u00e1g\u00e1t.\nA tan\u00fas\u00edtv\u00e1ny azoknak a c\u00e9geknek j\u00e1r, amelyek hossz\u00fa t\u00e1von is alacsony p\u00e9nz\u00fcgyi kock\u00e1zatot jelentenek partnereik sz\u00e1m\u00e1ra.\nSz\u00e1munkra ez visszaigazol\u00e1s, \u00fcgyfeleink sz\u00e1m\u00e1ra pedig plusz biztons\u00e1got jelent az egy\u00fcttm\u0171k\u00f6d\u00e9s sor\u00e1n.<\/p><\/div><\/div>\t\t\t\t<\/div>\n\t\t\t\t<\/div>\n\t\t\t\t\t<\/div>\n\t\t<\/div>\n\t\t\t\t\t<\/div>\n\t\t<\/section>\n\t\t\t\t<\/div>\n\t\t","protected":false},"excerpt":{"rendered":"<p>R\u00f3lunk Az Olvisz \u201998 Kft. 1998 \u00f3ta dinamikusan fejl\u0151d\u0151 c\u00e9gk\u00e9nt t\u00f6bb, mint 25 \u00e9v tapasztalattal rendelkezik az olajipari \u00e9s v\u00edzk\u00fat f\u00far\u00e1si tev\u00e9kenys\u00e9gekben. 100%-ban magyar tulajdonban l\u00e9v\u0151 v\u00e1llalatk\u00e9nt b\u00fcszk\u00e9k vagyunk az el\u00e9rt eredm\u00e9nyeinkre, szakmai csapatunkra \u00e9s a partnereinkkel kialak\u00edtott kiemelked\u0151en j\u00f3 kapcsolatainkra. \u00dcgyfeleink visszajelz\u00e9sei alapj\u00e1n folyamatosan alkalmazkodunk az \u00faj technol\u00f3gi\u00e1khoz \u00e9s ig\u00e9nyekhez, melyek biztos\u00edtj\u00e1k szolg\u00e1ltat\u00e1saink magas [&hellip;]<\/p>\n","protected":false},"author":1,"featured_media":0,"parent":0,"menu_order":0,"comment_status":"closed","ping_status":"closed","template":"","meta":{"footnotes":""},"class_list":["post-37","page","type-page","status-publish","hentry"],"_links":{"self":[{"href":"https:\/\/olvisz98.hu\/site\/wp-json\/wp\/v2\/pages\/37","targetHints":{"allow":["GET"]}}],"collection":[{"href":"https:\/\/olvisz98.hu\/site\/wp-json\/wp\/v2\/pages"}],"about":[{"href":"https:\/\/olvisz98.hu\/site\/wp-json\/wp\/v2\/types\/page"}],"author":[{"embeddable":true,"href":"https:\/\/olvisz98.hu\/site\/wp-json\/wp\/v2\/users\/1"}],"replies":[{"embeddable":true,"href":"https:\/\/olvisz98.hu\/site\/wp-json\/wp\/v2\/comments?post=37"}],"version-history":[{"count":144,"href":"https:\/\/olvisz98.hu\/site\/wp-json\/wp\/v2\/pages\/37\/revisions"}],"predecessor-version":[{"id":1376,"href":"https:\/\/olvisz98.hu\/site\/wp-json\/wp\/v2\/pages\/37\/revisions\/1376"}],"wp:attachment":[{"href":"https:\/\/olvisz98.hu\/site\/wp-json\/wp\/v2\/media?parent=37"}],"curies":[{"name":"wp","href":"https:\/\/api.w.org\/{rel}","templated":true}]}}