{"id":58,"date":"2023-09-12T11:36:46","date_gmt":"2023-09-12T09:36:46","guid":{"rendered":"http:\/\/olvisz98.hu\/site\/?page_id=58"},"modified":"2025-11-26T11:41:18","modified_gmt":"2025-11-26T10:41:18","slug":"elerhetosegek","status":"publish","type":"page","link":"https:\/\/olvisz98.hu\/site\/elerhetosegek\/","title":{"rendered":"El\u00e9rhet\u0151s\u00e9gek"},"content":{"rendered":"\t\t<div data-elementor-type=\"wp-page\" data-elementor-id=\"58\" class=\"elementor elementor-58\" data-elementor-post-type=\"page\">\n\t\t\t\t\t\t<section class=\"elementor-section elementor-top-section elementor-element elementor-element-658660e elementor-section-boxed elementor-section-height-default elementor-section-height-default\" data-id=\"658660e\" data-element_type=\"section\">\n\t\t\t\t\t\t<div class=\"elementor-container elementor-column-gap-default\">\n\t\t\t\t\t<div class=\"elementor-column elementor-col-50 elementor-top-column elementor-element elementor-element-263cd0b\" data-id=\"263cd0b\" data-element_type=\"column\">\n\t\t\t<div class=\"elementor-widget-wrap elementor-element-populated\">\n\t\t\t\t\t\t<div class=\"elementor-element elementor-element-25db297 elementor-widget elementor-widget-text-editor\" data-id=\"25db297\" data-element_type=\"widget\" data-widget_type=\"text-editor.default\">\n\t\t\t\t<div class=\"elementor-widget-container\">\n\t\t\t\t\t\t\t\t\t<p><strong>Sz\u00e9khely<\/strong>: 4200 Hajd\u00faszoboszl\u00f3, Szedres utca 14.<\/p><p><strong>Telephely<\/strong>: 4200 Hajd\u00faszoboszl\u00f3, k\u00fclter\u00fclet 0226\/15 hrsz<\/p><p><strong>Email<\/strong>: olvisz98@olvisz98.hu<\/p><p><strong>Telefonsz\u00e1m (iroda)<\/strong>: +36-52\/272-335<\/p><p><strong>\u00a0<\/strong><\/p><h4><strong>Felel\u0151s vezet\u0151k:<br \/><\/strong><\/h4><p><strong>S\u00e1nta Imre, sr.<\/strong>, \u00fcgyvezet\u0151 igazgat\u00f3: +36-30\/399-25-00<\/p><p><strong>S\u00e1nta Imre, jr.<\/strong>, m\u0171szaki igazgat\u00f3: +36-30\/338-08-00<\/p><p><strong>Angyal Istv\u00e1n<\/strong>, robbant\u00e1stechnikai m\u0171veletir\u00e1ny\u00edt\u00f3: +36-70\/373-88-63<\/p>\t\t\t\t\t\t\t\t<\/div>\n\t\t\t\t<\/div>\n\t\t\t\t\t<\/div>\n\t\t<\/div>\n\t\t\t\t<div class=\"elementor-column elementor-col-50 elementor-top-column elementor-element elementor-element-447009c\" data-id=\"447009c\" data-element_type=\"column\">\n\t\t\t<div class=\"elementor-widget-wrap elementor-element-populated\">\n\t\t\t\t\t\t<div class=\"elementor-element elementor-element-4187dd7 elementor-widget elementor-widget-image\" data-id=\"4187dd7\" data-element_type=\"widget\" data-widget_type=\"image.default\">\n\t\t\t\t<div class=\"elementor-widget-container\">\n\t\t\t\t\t\t\t\t\t\t\t\t\t\t\t<img fetchpriority=\"high\" decoding=\"async\" width=\"800\" height=\"600\" src=\"https:\/\/olvisz98.hu\/site\/wp-content\/uploads\/2025\/11\/IMG_9339_2-1024x768.jpeg\" class=\"attachment-large size-large wp-image-1262\" alt=\"\" srcset=\"https:\/\/olvisz98.hu\/site\/wp-content\/uploads\/2025\/11\/IMG_9339_2-1024x768.jpeg 1024w, https:\/\/olvisz98.hu\/site\/wp-content\/uploads\/2025\/11\/IMG_9339_2-300x225.jpeg 300w, https:\/\/olvisz98.hu\/site\/wp-content\/uploads\/2025\/11\/IMG_9339_2-768x576.jpeg 768w, https:\/\/olvisz98.hu\/site\/wp-content\/uploads\/2025\/11\/IMG_9339_2-1536x1152.jpeg 1536w, https:\/\/olvisz98.hu\/site\/wp-content\/uploads\/2025\/11\/IMG_9339_2.jpeg 1582w\" sizes=\"(max-width: 800px) 100vw, 800px\" \/>\t\t\t\t\t\t\t\t\t\t\t\t\t\t\t<\/div>\n\t\t\t\t<\/div>\n\t\t\t\t\t<\/div>\n\t\t<\/div>\n\t\t\t\t\t<\/div>\n\t\t<\/section>\n\t\t\t\t<section class=\"elementor-section elementor-top-section elementor-element elementor-element-b71e0cd elementor-section-boxed elementor-section-height-default elementor-section-height-default\" data-id=\"b71e0cd\" data-element_type=\"section\">\n\t\t\t\t\t\t<div class=\"elementor-container elementor-column-gap-default\">\n\t\t\t\t\t<div class=\"elementor-column elementor-col-100 elementor-top-column elementor-element elementor-element-aa94bb5\" data-id=\"aa94bb5\" data-element_type=\"column\">\n\t\t\t<div class=\"elementor-widget-wrap elementor-element-populated\">\n\t\t\t\t\t\t<div class=\"elementor-element elementor-element-49c5134 elementor-widget elementor-widget-google_maps\" data-id=\"49c5134\" data-element_type=\"widget\" data-widget_type=\"google_maps.default\">\n\t\t\t\t<div class=\"elementor-widget-container\">\n\t\t\t\t\t\t\t<div class=\"elementor-custom-embed\">\n\t\t\t<iframe loading=\"lazy\"\n\t\t\t\t\tsrc=\"https:\/\/maps.google.com\/maps?q=Olvisz%2098%20kft.%20%2F%20Telephely&#038;t=m&#038;z=14&#038;output=embed&#038;iwloc=near\"\n\t\t\t\t\ttitle=\"Olvisz 98 kft. \/ Telephely\"\n\t\t\t\t\taria-label=\"Olvisz 98 kft. \/ Telephely\"\n\t\t\t><\/iframe>\n\t\t<\/div>\n\t\t\t\t\t\t<\/div>\n\t\t\t\t<\/div>\n\t\t\t\t\t<\/div>\n\t\t<\/div>\n\t\t\t\t\t<\/div>\n\t\t<\/section>\n\t\t\t\t<section class=\"elementor-section elementor-top-section elementor-element elementor-element-9b1f1d8 elementor-section-boxed elementor-section-height-default elementor-section-height-default\" data-id=\"9b1f1d8\" data-element_type=\"section\">\n\t\t\t\t\t\t<div class=\"elementor-container elementor-column-gap-default\">\n\t\t\t\t\t<div class=\"elementor-column elementor-col-100 elementor-top-column elementor-element elementor-element-fd0671a\" data-id=\"fd0671a\" data-element_type=\"column\">\n\t\t\t<div class=\"elementor-widget-wrap\">\n\t\t\t\t\t\t\t<\/div>\n\t\t<\/div>\n\t\t\t\t\t<\/div>\n\t\t<\/section>\n\t\t\t\t<\/div>\n\t\t","protected":false},"excerpt":{"rendered":"<p>Sz\u00e9khely: 4200 Hajd\u00faszoboszl\u00f3, Szedres utca 14. Telephely: 4200 Hajd\u00faszoboszl\u00f3, k\u00fclter\u00fclet 0226\/15 hrsz Email: olvisz98@olvisz98.hu Telefonsz\u00e1m (iroda): +36-52\/272-335 \u00a0 Felel\u0151s vezet\u0151k: S\u00e1nta Imre, sr., \u00fcgyvezet\u0151 igazgat\u00f3: +36-30\/399-25-00 S\u00e1nta Imre, jr., m\u0171szaki igazgat\u00f3: +36-30\/338-08-00 Angyal Istv\u00e1n, robbant\u00e1stechnikai m\u0171veletir\u00e1ny\u00edt\u00f3: +36-70\/373-88-63<\/p>\n","protected":false},"author":1,"featured_media":0,"parent":0,"menu_order":0,"comment_status":"closed","ping_status":"closed","template":"","meta":{"footnotes":""},"class_list":["post-58","page","type-page","status-publish","hentry"],"_links":{"self":[{"href":"https:\/\/olvisz98.hu\/site\/wp-json\/wp\/v2\/pages\/58","targetHints":{"allow":["GET"]}}],"collection":[{"href":"https:\/\/olvisz98.hu\/site\/wp-json\/wp\/v2\/pages"}],"about":[{"href":"https:\/\/olvisz98.hu\/site\/wp-json\/wp\/v2\/types\/page"}],"author":[{"embeddable":true,"href":"https:\/\/olvisz98.hu\/site\/wp-json\/wp\/v2\/users\/1"}],"replies":[{"embeddable":true,"href":"https:\/\/olvisz98.hu\/site\/wp-json\/wp\/v2\/comments?post=58"}],"version-history":[{"count":68,"href":"https:\/\/olvisz98.hu\/site\/wp-json\/wp\/v2\/pages\/58\/revisions"}],"predecessor-version":[{"id":1265,"href":"https:\/\/olvisz98.hu\/site\/wp-json\/wp\/v2\/pages\/58\/revisions\/1265"}],"wp:attachment":[{"href":"https:\/\/olvisz98.hu\/site\/wp-json\/wp\/v2\/media?parent=58"}],"curies":[{"name":"wp","href":"https:\/\/api.w.org\/{rel}","templated":true}]}}