{"id":792,"date":"2025-03-12T22:56:42","date_gmt":"2025-03-12T21:56:42","guid":{"rendered":"http:\/\/olvisz98.hu\/site\/?page_id=792"},"modified":"2025-11-26T11:43:12","modified_gmt":"2025-11-26T10:43:12","slug":"contact","status":"publish","type":"page","link":"https:\/\/olvisz98.hu\/site\/contact\/","title":{"rendered":"Contact"},"content":{"rendered":"\t\t<div data-elementor-type=\"wp-page\" data-elementor-id=\"792\" class=\"elementor elementor-792\" data-elementor-post-type=\"page\">\n\t\t\t\t\t\t<section class=\"elementor-section elementor-top-section elementor-element elementor-element-658660e elementor-section-boxed elementor-section-height-default elementor-section-height-default\" data-id=\"658660e\" data-element_type=\"section\">\n\t\t\t\t\t\t<div class=\"elementor-container elementor-column-gap-default\">\n\t\t\t\t\t<div class=\"elementor-column elementor-col-50 elementor-top-column elementor-element elementor-element-263cd0b\" data-id=\"263cd0b\" data-element_type=\"column\">\n\t\t\t<div class=\"elementor-widget-wrap elementor-element-populated\">\n\t\t\t\t\t\t<div class=\"elementor-element elementor-element-25db297 elementor-widget elementor-widget-text-editor\" data-id=\"25db297\" data-element_type=\"widget\" data-widget_type=\"text-editor.default\">\n\t\t\t\t<div class=\"elementor-widget-container\">\n\t\t\t\t\t\t\t\t\t<p><strong>Office<\/strong>: HUNGARY 4200 Hajd\u00faszoboszl\u00f3, Szedres utca 14.<\/p><p><strong>Yard<\/strong>: HUNGARY 4200 Hajd\u00faszoboszl\u00f3, k\u00fclter\u00fclet 0226\/15 hrsz<\/p><p><strong>Email<\/strong>: olvisz98@olvisz98.hu<\/p><p><strong>Phone (office)<\/strong>: +36-52\/272-335<\/p><p><strong>\u00a0<\/strong><\/p><h4><strong>Managers:<br \/><\/strong><\/h4><p><strong>Imre S\u00e1nta, sr.<\/strong>, executive director: +36-30\/399-25-00<\/p><p><strong>Imre S\u00e1nta, jr.<\/strong>, technical director: +36-30\/338-08-00<\/p><p><strong>Istv\u00e1n Angyal<\/strong>, explosive operations controller: +36-70\/373-88-63<\/p>\t\t\t\t\t\t\t\t<\/div>\n\t\t\t\t<\/div>\n\t\t\t\t\t<\/div>\n\t\t<\/div>\n\t\t\t\t<div class=\"elementor-column elementor-col-50 elementor-top-column elementor-element elementor-element-447009c\" data-id=\"447009c\" data-element_type=\"column\">\n\t\t\t<div class=\"elementor-widget-wrap elementor-element-populated\">\n\t\t\t\t\t\t<div class=\"elementor-element elementor-element-0bb901b elementor-widget elementor-widget-image\" data-id=\"0bb901b\" data-element_type=\"widget\" data-widget_type=\"image.default\">\n\t\t\t\t<div class=\"elementor-widget-container\">\n\t\t\t\t\t\t\t\t\t\t\t\t\t\t\t<img fetchpriority=\"high\" decoding=\"async\" width=\"800\" height=\"600\" src=\"https:\/\/olvisz98.hu\/site\/wp-content\/uploads\/2025\/11\/IMG_9339_2-1024x768.jpeg\" class=\"attachment-large size-large wp-image-1262\" alt=\"\" srcset=\"https:\/\/olvisz98.hu\/site\/wp-content\/uploads\/2025\/11\/IMG_9339_2-1024x768.jpeg 1024w, https:\/\/olvisz98.hu\/site\/wp-content\/uploads\/2025\/11\/IMG_9339_2-300x225.jpeg 300w, https:\/\/olvisz98.hu\/site\/wp-content\/uploads\/2025\/11\/IMG_9339_2-768x576.jpeg 768w, https:\/\/olvisz98.hu\/site\/wp-content\/uploads\/2025\/11\/IMG_9339_2-1536x1152.jpeg 1536w, https:\/\/olvisz98.hu\/site\/wp-content\/uploads\/2025\/11\/IMG_9339_2.jpeg 1582w\" sizes=\"(max-width: 800px) 100vw, 800px\" \/>\t\t\t\t\t\t\t\t\t\t\t\t\t\t\t<\/div>\n\t\t\t\t<\/div>\n\t\t\t\t\t<\/div>\n\t\t<\/div>\n\t\t\t\t\t<\/div>\n\t\t<\/section>\n\t\t\t\t<section class=\"elementor-section elementor-top-section elementor-element elementor-element-7e5b573 elementor-section-boxed elementor-section-height-default elementor-section-height-default\" data-id=\"7e5b573\" data-element_type=\"section\">\n\t\t\t\t\t\t<div class=\"elementor-container elementor-column-gap-default\">\n\t\t\t\t\t<div class=\"elementor-column elementor-col-100 elementor-top-column elementor-element elementor-element-239a09e\" data-id=\"239a09e\" data-element_type=\"column\">\n\t\t\t<div class=\"elementor-widget-wrap elementor-element-populated\">\n\t\t\t\t\t\t<div class=\"elementor-element elementor-element-6721279 elementor-widget elementor-widget-google_maps\" data-id=\"6721279\" data-element_type=\"widget\" data-widget_type=\"google_maps.default\">\n\t\t\t\t<div class=\"elementor-widget-container\">\n\t\t\t\t\t\t\t<div class=\"elementor-custom-embed\">\n\t\t\t<iframe loading=\"lazy\"\n\t\t\t\t\tsrc=\"https:\/\/maps.google.com\/maps?q=OLVISZ%2098%20Kft.%20%2F%20Telephely&#038;t=m&#038;z=14&#038;output=embed&#038;iwloc=near\"\n\t\t\t\t\ttitle=\"OLVISZ 98 Kft. \/ Telephely\"\n\t\t\t\t\taria-label=\"OLVISZ 98 Kft. \/ Telephely\"\n\t\t\t><\/iframe>\n\t\t<\/div>\n\t\t\t\t\t\t<\/div>\n\t\t\t\t<\/div>\n\t\t\t\t\t<\/div>\n\t\t<\/div>\n\t\t\t\t\t<\/div>\n\t\t<\/section>\n\t\t\t\t<\/div>\n\t\t","protected":false},"excerpt":{"rendered":"<p>Office: HUNGARY 4200 Hajd\u00faszoboszl\u00f3, Szedres utca 14. Yard: HUNGARY 4200 Hajd\u00faszoboszl\u00f3, k\u00fclter\u00fclet 0226\/15 hrsz Email: olvisz98@olvisz98.hu Phone (office): +36-52\/272-335 \u00a0 Managers: Imre S\u00e1nta, sr., executive director: +36-30\/399-25-00 Imre S\u00e1nta, jr., technical director: +36-30\/338-08-00 Istv\u00e1n Angyal, explosive operations controller: +36-70\/373-88-63<\/p>\n","protected":false},"author":1,"featured_media":0,"parent":0,"menu_order":0,"comment_status":"closed","ping_status":"closed","template":"","meta":{"footnotes":""},"class_list":["post-792","page","type-page","status-publish","hentry"],"_links":{"self":[{"href":"https:\/\/olvisz98.hu\/site\/wp-json\/wp\/v2\/pages\/792","targetHints":{"allow":["GET"]}}],"collection":[{"href":"https:\/\/olvisz98.hu\/site\/wp-json\/wp\/v2\/pages"}],"about":[{"href":"https:\/\/olvisz98.hu\/site\/wp-json\/wp\/v2\/types\/page"}],"author":[{"embeddable":true,"href":"https:\/\/olvisz98.hu\/site\/wp-json\/wp\/v2\/users\/1"}],"replies":[{"embeddable":true,"href":"https:\/\/olvisz98.hu\/site\/wp-json\/wp\/v2\/comments?post=792"}],"version-history":[{"count":15,"href":"https:\/\/olvisz98.hu\/site\/wp-json\/wp\/v2\/pages\/792\/revisions"}],"predecessor-version":[{"id":1268,"href":"https:\/\/olvisz98.hu\/site\/wp-json\/wp\/v2\/pages\/792\/revisions\/1268"}],"wp:attachment":[{"href":"https:\/\/olvisz98.hu\/site\/wp-json\/wp\/v2\/media?parent=792"}],"curies":[{"name":"wp","href":"https:\/\/api.w.org\/{rel}","templated":true}]}}